{"id":1440,"date":"2022-09-26T11:47:00","date_gmt":"2022-09-26T15:47:00","guid":{"rendered":"https:\/\/dev17.viacommunication.com\/vinification\/"},"modified":"2022-10-27T11:23:03","modified_gmt":"2022-10-27T15:23:03","slug":"vinification","status":"publish","type":"page","link":"https:\/\/vignoblegagliano.com\/fr\/vinification\/","title":{"rendered":"Vinification"},"content":{"rendered":"\t\t<div data-elementor-type=\"wp-page\" data-elementor-id=\"1440\" class=\"elementor elementor-1440 elementor-692\">\n\t\t\t\t\t\t<section class=\"elementor-section elementor-top-section elementor-element elementor-element-196a1fcc elementor-section-full_width elementor-section-height-default elementor-section-height-default\" data-id=\"196a1fcc\" data-element_type=\"section\" data-e-type=\"section\" data-settings=\"{&quot;background_background&quot;:&quot;classic&quot;}\">\n\t\t\t\t\t\t<div class=\"elementor-container elementor-column-gap-no\">\n\t\t\t\t\t<div class=\"elementor-column elementor-col-100 elementor-top-column elementor-element elementor-element-8248d35\" data-id=\"8248d35\" data-element_type=\"column\" data-e-type=\"column\" data-settings=\"{&quot;background_background&quot;:&quot;classic&quot;}\">\n\t\t\t<div class=\"elementor-widget-wrap elementor-element-populated\">\n\t\t\t\t\t\t<div class=\"elementor-element elementor-element-7a099e0f elementor-widget elementor-widget-heading\" data-id=\"7a099e0f\" data-element_type=\"widget\" data-e-type=\"widget\" data-widget_type=\"heading.default\">\n\t\t\t\t<div class=\"elementor-widget-container\">\n\t\t\t\t\t<h1 class=\"elementor-heading-title elementor-size-default\">Vinification\n<\/h1>\t\t\t\t<\/div>\n\t\t\t\t<\/div>\n\t\t\t\t<section class=\"elementor-section elementor-inner-section elementor-element elementor-element-14f4429b elementor-section-content-middle elementor-section-boxed elementor-section-height-default elementor-section-height-default\" data-id=\"14f4429b\" data-element_type=\"section\" data-e-type=\"section\" data-settings=\"{&quot;background_background&quot;:&quot;classic&quot;}\">\n\t\t\t\t\t\t\t<div class=\"elementor-background-overlay\"><\/div>\n\t\t\t\t\t\t\t<div class=\"elementor-container elementor-column-gap-default\">\n\t\t\t\t\t<div class=\"elementor-column elementor-col-50 elementor-inner-column elementor-element elementor-element-473630f8\" data-id=\"473630f8\" data-element_type=\"column\" data-e-type=\"column\" data-settings=\"{&quot;background_background&quot;:&quot;classic&quot;}\">\n\t\t\t<div class=\"elementor-widget-wrap elementor-element-populated\">\n\t\t\t\t\t<div class=\"elementor-background-overlay\"><\/div>\n\t\t\t\t\t\t<div class=\"elementor-element elementor-element-1e2f841 elementor-widget-divider--view-line elementor-widget elementor-widget-divider\" data-id=\"1e2f841\" data-element_type=\"widget\" data-e-type=\"widget\" data-widget_type=\"divider.default\">\n\t\t\t\t<div class=\"elementor-widget-container\">\n\t\t\t\t\t\t\t<div class=\"elementor-divider\">\n\t\t\t<span class=\"elementor-divider-separator\">\n\t\t\t\t\t\t<\/span>\n\t\t<\/div>\n\t\t\t\t\t\t<\/div>\n\t\t\t\t<\/div>\n\t\t\t\t<div class=\"elementor-element elementor-element-37ab1fbd elementor-widget elementor-widget-text-editor\" data-id=\"37ab1fbd\" data-element_type=\"widget\" data-e-type=\"widget\" data-widget_type=\"text-editor.default\">\n\t\t\t\t<div class=\"elementor-widget-container\">\n\t\t\t\t\t\t\t\t\tNous avons des \u00e9quipements de vinification les plus modernes.\n<br><bR>\nNotre pressoir Della Toffola est \u00e0 la fine pointe de la technologie vinicole.\n<br><bR>\n\nNous avons install\u00e9 un syst\u00e8me de contr\u00f4le de temp\u00e9rature dans nos cuves afin que nos fermentations adviennent sous un climat appropri\u00e9 \u00e0 nos types de vin.\n<br><bR>\nNous avons un vinificateur \u00ab Cuve selector system de Gimar \u00bb d\u2019Italie pour produire les meilleurs vins rouges au Qu\u00e9bec.\n<br><bR>\n\nNous pratiquons la flottation pour clarifier avant fermentation des vins blancs et ros\u00e9s, ainsi que la mac\u00e9ration froide de vins rouges.\n<br><bR>\n\nTous nos vins sont filtr\u00e9s avec un filtre tangentiel qui n\u2019alt\u00e8re ni la couleur ni le gout du vin.\n<br><bR>\n\nEnfin nos vins sont embouteill\u00e9s professionnellement en respectant toutes les normes d\u2019hygi\u00e8ne pour garantir un produit de premi\u00e8re qualit\u00e9 \u00e0 nos clients.\t\t\t\t\t\t\t\t<\/div>\n\t\t\t\t<\/div>\n\t\t\t\t<div class=\"elementor-element elementor-element-2a193324 elementor-mobile-align-center elementor-widget elementor-widget-button\" data-id=\"2a193324\" data-element_type=\"widget\" data-e-type=\"widget\" data-widget_type=\"button.default\">\n\t\t\t\t<div class=\"elementor-widget-container\">\n\t\t\t\t\t\t\t\t\t<div class=\"elementor-button-wrapper\">\n\t\t\t\t\t<a class=\"elementor-button elementor-button-link elementor-size-sm elementor-animation-shrink\" href=\"\/fr\/boutique\/\">\n\t\t\t\t\t\t<span class=\"elementor-button-content-wrapper\">\n\t\t\t\t\t\t<span class=\"elementor-button-icon\">\n\t\t\t\t<i aria-hidden=\"true\" class=\"fas fa-long-arrow-alt-right\"><\/i>\t\t\t<\/span>\n\t\t\t\t\t\t\t\t\t<span class=\"elementor-button-text\">Nos vins<\/span>\n\t\t\t\t\t<\/span>\n\t\t\t\t\t<\/a>\n\t\t\t\t<\/div>\n\t\t\t\t\t\t\t\t<\/div>\n\t\t\t\t<\/div>\n\t\t\t\t\t<\/div>\n\t\t<\/div>\n\t\t\t\t<div class=\"elementor-column elementor-col-50 elementor-inner-column elementor-element elementor-element-3dc88d5a\" data-id=\"3dc88d5a\" data-element_type=\"column\" data-e-type=\"column\" data-settings=\"{&quot;background_background&quot;:&quot;classic&quot;}\">\n\t\t\t<div class=\"elementor-widget-wrap elementor-element-populated\">\n\t\t\t\t\t\t<div class=\"elementor-element elementor-element-407427dd elementor-widget elementor-widget-image\" data-id=\"407427dd\" data-element_type=\"widget\" data-e-type=\"widget\" data-widget_type=\"image.default\">\n\t\t\t\t<div class=\"elementor-widget-container\">\n\t\t\t\t\t\t\t\t\t\t\t\t\t\t\t<img fetchpriority=\"high\" decoding=\"async\" width=\"1024\" height=\"765\" src=\"https:\/\/vignoblegagliano.com\/wp-content\/uploads\/2022\/10\/Barrels-2.jpg\" class=\"attachment-full size-full wp-image-1845\" alt=\"\" srcset=\"https:\/\/vignoblegagliano.com\/wp-content\/uploads\/2022\/10\/Barrels-2.jpg 1024w, https:\/\/vignoblegagliano.com\/wp-content\/uploads\/2022\/10\/Barrels-2-300x224.jpg 300w, https:\/\/vignoblegagliano.com\/wp-content\/uploads\/2022\/10\/Barrels-2-768x574.jpg 768w, https:\/\/vignoblegagliano.com\/wp-content\/uploads\/2022\/10\/Barrels-2-600x448.jpg 600w\" sizes=\"(max-width: 1024px) 100vw, 1024px\" \/>\t\t\t\t\t\t\t\t\t\t\t\t\t\t\t<\/div>\n\t\t\t\t<\/div>\n\t\t\t\t\t<\/div>\n\t\t<\/div>\n\t\t\t\t\t<\/div>\n\t\t<\/section>\n\t\t\t\t\t<\/div>\n\t\t<\/div>\n\t\t\t\t\t<\/div>\n\t\t<\/section>\n\t\t\t\t<\/div>\n\t\t","protected":false},"excerpt":{"rendered":"<p>Vinification Nous avons des \u00e9quipements de vinification les plus modernes. Notre pressoir Della Toffola est \u00e0 la fine pointe de la technologie vinicole. Nous avons install\u00e9 un syst\u00e8me de contr\u00f4le de temp\u00e9rature dans nos cuves afin que nos fermentations adviennent sous un climat appropri\u00e9 \u00e0 nos types de vin. Nous avons un vinificateur \u00ab Cuve [&hellip;]<\/p>\n","protected":false},"author":1,"featured_media":0,"parent":0,"menu_order":0,"comment_status":"closed","ping_status":"closed","template":"","meta":{"site-sidebar-layout":"no-sidebar","site-content-layout":"page-builder","ast-site-content-layout":"default","site-content-style":"default","site-sidebar-style":"default","ast-global-header-display":"","ast-banner-title-visibility":"","ast-main-header-display":"","ast-hfb-above-header-display":"","ast-hfb-below-header-display":"","ast-hfb-mobile-header-display":"","site-post-title":"disabled","ast-breadcrumbs-content":"","ast-featured-img":"disabled","footer-sml-layout":"","ast-disable-related-posts":"","theme-transparent-header-meta":"","adv-header-id-meta":"","stick-header-meta":"","header-above-stick-meta":"","header-main-stick-meta":"","header-below-stick-meta":"","astra-migrate-meta-layouts":"default","ast-page-background-enabled":"default","ast-page-background-meta":{"desktop":{"background-color":"var(--ast-global-color-4)","background-image":"","background-repeat":"repeat","background-position":"center center","background-size":"auto","background-attachment":"scroll","background-type":"","background-media":"","overlay-type":"","overlay-color":"","overlay-opacity":"","overlay-gradient":""},"tablet":{"background-color":"","background-image":"","background-repeat":"repeat","background-position":"center center","background-size":"auto","background-attachment":"scroll","background-type":"","background-media":"","overlay-type":"","overlay-color":"","overlay-opacity":"","overlay-gradient":""},"mobile":{"background-color":"","background-image":"","background-repeat":"repeat","background-position":"center center","background-size":"auto","background-attachment":"scroll","background-type":"","background-media":"","overlay-type":"","overlay-color":"","overlay-opacity":"","overlay-gradient":""}},"ast-content-background-meta":{"desktop":{"background-color":"var(--ast-global-color-5)","background-image":"","background-repeat":"repeat","background-position":"center center","background-size":"auto","background-attachment":"scroll","background-type":"","background-media":"","overlay-type":"","overlay-color":"","overlay-opacity":"","overlay-gradient":""},"tablet":{"background-color":"var(--ast-global-color-5)","background-image":"","background-repeat":"repeat","background-position":"center center","background-size":"auto","background-attachment":"scroll","background-type":"","background-media":"","overlay-type":"","overlay-color":"","overlay-opacity":"","overlay-gradient":""},"mobile":{"background-color":"var(--ast-global-color-5)","background-image":"","background-repeat":"repeat","background-position":"center center","background-size":"auto","background-attachment":"scroll","background-type":"","background-media":"","overlay-type":"","overlay-color":"","overlay-opacity":"","overlay-gradient":""}},"footnotes":""},"class_list":["post-1440","page","type-page","status-publish","hentry"],"acf":[],"yoast_head":"<!-- This site is optimized with the Yoast SEO plugin v27.4 - https:\/\/yoast.com\/product\/yoast-seo-wordpress\/ -->\n<title>Vinification - Vignoble Gagliano Vineyards<\/title>\n<meta name=\"robots\" content=\"index, follow, max-snippet:-1, max-image-preview:large, max-video-preview:-1\" \/>\n<link rel=\"canonical\" href=\"https:\/\/vignoblegagliano.com\/fr\/vinification\/\" \/>\n<meta property=\"og:locale\" content=\"fr_FR\" \/>\n<meta property=\"og:type\" content=\"article\" \/>\n<meta property=\"og:title\" content=\"Vinification - Vignoble Gagliano Vineyards\" \/>\n<meta property=\"og:description\" content=\"Vinification Nous avons des \u00e9quipements de vinification les plus modernes. Notre pressoir Della Toffola est \u00e0 la fine pointe de la technologie vinicole. Nous avons install\u00e9 un syst\u00e8me de contr\u00f4le de temp\u00e9rature dans nos cuves afin que nos fermentations adviennent sous un climat appropri\u00e9 \u00e0 nos types de vin. Nous avons un vinificateur \u00ab Cuve [&hellip;]\" \/>\n<meta property=\"og:url\" content=\"https:\/\/vignoblegagliano.com\/fr\/vinification\/\" \/>\n<meta property=\"og:site_name\" content=\"Vignoble Gagliano Vineyards\" \/>\n<meta property=\"article:modified_time\" content=\"2022-10-27T15:23:03+00:00\" \/>\n<meta property=\"og:image\" content=\"https:\/\/vignoblegagliano.com\/wp-content\/uploads\/2022\/10\/Barrels-2.jpg\" \/>\n<meta name=\"twitter:card\" content=\"summary_large_image\" \/>\n<meta name=\"twitter:label1\" content=\"Dur\u00e9e de lecture estim\u00e9e\" \/>\n\t<meta name=\"twitter:data1\" content=\"1 minute\" \/>\n<script type=\"application\/ld+json\" class=\"yoast-schema-graph\">{\"@context\":\"https:\\\/\\\/schema.org\",\"@graph\":[{\"@type\":\"WebPage\",\"@id\":\"https:\\\/\\\/vignoblegagliano.com\\\/fr\\\/vinification\\\/\",\"url\":\"https:\\\/\\\/vignoblegagliano.com\\\/fr\\\/vinification\\\/\",\"name\":\"Vinification - Vignoble Gagliano Vineyards\",\"isPartOf\":{\"@id\":\"https:\\\/\\\/vignoblegagliano.com\\\/fr\\\/#website\"},\"primaryImageOfPage\":{\"@id\":\"https:\\\/\\\/vignoblegagliano.com\\\/fr\\\/vinification\\\/#primaryimage\"},\"image\":{\"@id\":\"https:\\\/\\\/vignoblegagliano.com\\\/fr\\\/vinification\\\/#primaryimage\"},\"thumbnailUrl\":\"https:\\\/\\\/vignoblegagliano.com\\\/wp-content\\\/uploads\\\/2022\\\/10\\\/Barrels-2.jpg\",\"datePublished\":\"2022-09-26T15:47:00+00:00\",\"dateModified\":\"2022-10-27T15:23:03+00:00\",\"breadcrumb\":{\"@id\":\"https:\\\/\\\/vignoblegagliano.com\\\/fr\\\/vinification\\\/#breadcrumb\"},\"inLanguage\":\"fr-FR\",\"potentialAction\":[{\"@type\":\"ReadAction\",\"target\":[\"https:\\\/\\\/vignoblegagliano.com\\\/fr\\\/vinification\\\/\"]}]},{\"@type\":\"ImageObject\",\"inLanguage\":\"fr-FR\",\"@id\":\"https:\\\/\\\/vignoblegagliano.com\\\/fr\\\/vinification\\\/#primaryimage\",\"url\":\"https:\\\/\\\/vignoblegagliano.com\\\/wp-content\\\/uploads\\\/2022\\\/10\\\/Barrels-2.jpg\",\"contentUrl\":\"https:\\\/\\\/vignoblegagliano.com\\\/wp-content\\\/uploads\\\/2022\\\/10\\\/Barrels-2.jpg\"},{\"@type\":\"BreadcrumbList\",\"@id\":\"https:\\\/\\\/vignoblegagliano.com\\\/fr\\\/vinification\\\/#breadcrumb\",\"itemListElement\":[{\"@type\":\"ListItem\",\"position\":1,\"name\":\"Home\",\"item\":\"https:\\\/\\\/vignoblegagliano.com\\\/fr\\\/\"},{\"@type\":\"ListItem\",\"position\":2,\"name\":\"Vinification\"}]},{\"@type\":\"WebSite\",\"@id\":\"https:\\\/\\\/vignoblegagliano.com\\\/fr\\\/#website\",\"url\":\"https:\\\/\\\/vignoblegagliano.com\\\/fr\\\/\",\"name\":\"Vignoble Gagliano Vineyards\",\"description\":\"\",\"publisher\":{\"@id\":\"https:\\\/\\\/vignoblegagliano.com\\\/fr\\\/#organization\"},\"potentialAction\":[{\"@type\":\"SearchAction\",\"target\":{\"@type\":\"EntryPoint\",\"urlTemplate\":\"https:\\\/\\\/vignoblegagliano.com\\\/fr\\\/?s={search_term_string}\"},\"query-input\":{\"@type\":\"PropertyValueSpecification\",\"valueRequired\":true,\"valueName\":\"search_term_string\"}}],\"inLanguage\":\"fr-FR\"},{\"@type\":\"Organization\",\"@id\":\"https:\\\/\\\/vignoblegagliano.com\\\/fr\\\/#organization\",\"name\":\"Vignoble Gagliano Vineyards\",\"url\":\"https:\\\/\\\/vignoblegagliano.com\\\/fr\\\/\",\"logo\":{\"@type\":\"ImageObject\",\"inLanguage\":\"fr-FR\",\"@id\":\"https:\\\/\\\/vignoblegagliano.com\\\/fr\\\/#\\\/schema\\\/logo\\\/image\\\/\",\"url\":\"https:\\\/\\\/vignoblegagliano.com\\\/wp-content\\\/uploads\\\/2022\\\/09\\\/logo.png\",\"contentUrl\":\"https:\\\/\\\/vignoblegagliano.com\\\/wp-content\\\/uploads\\\/2022\\\/09\\\/logo.png\",\"width\":199,\"height\":86,\"caption\":\"Vignoble Gagliano Vineyards\"},\"image\":{\"@id\":\"https:\\\/\\\/vignoblegagliano.com\\\/fr\\\/#\\\/schema\\\/logo\\\/image\\\/\"}}]}<\/script>\n<!-- \/ Yoast SEO plugin. -->","yoast_head_json":{"title":"Vinification - Vignoble Gagliano Vineyards","robots":{"index":"index","follow":"follow","max-snippet":"max-snippet:-1","max-image-preview":"max-image-preview:large","max-video-preview":"max-video-preview:-1"},"canonical":"https:\/\/vignoblegagliano.com\/fr\/vinification\/","og_locale":"fr_FR","og_type":"article","og_title":"Vinification - Vignoble Gagliano Vineyards","og_description":"Vinification Nous avons des \u00e9quipements de vinification les plus modernes. Notre pressoir Della Toffola est \u00e0 la fine pointe de la technologie vinicole. Nous avons install\u00e9 un syst\u00e8me de contr\u00f4le de temp\u00e9rature dans nos cuves afin que nos fermentations adviennent sous un climat appropri\u00e9 \u00e0 nos types de vin. Nous avons un vinificateur \u00ab Cuve [&hellip;]","og_url":"https:\/\/vignoblegagliano.com\/fr\/vinification\/","og_site_name":"Vignoble Gagliano Vineyards","article_modified_time":"2022-10-27T15:23:03+00:00","og_image":[{"url":"https:\/\/vignoblegagliano.com\/wp-content\/uploads\/2022\/10\/Barrels-2.jpg","type":"","width":"","height":""}],"twitter_card":"summary_large_image","twitter_misc":{"Dur\u00e9e de lecture estim\u00e9e":"1 minute"},"schema":{"@context":"https:\/\/schema.org","@graph":[{"@type":"WebPage","@id":"https:\/\/vignoblegagliano.com\/fr\/vinification\/","url":"https:\/\/vignoblegagliano.com\/fr\/vinification\/","name":"Vinification - Vignoble Gagliano Vineyards","isPartOf":{"@id":"https:\/\/vignoblegagliano.com\/fr\/#website"},"primaryImageOfPage":{"@id":"https:\/\/vignoblegagliano.com\/fr\/vinification\/#primaryimage"},"image":{"@id":"https:\/\/vignoblegagliano.com\/fr\/vinification\/#primaryimage"},"thumbnailUrl":"https:\/\/vignoblegagliano.com\/wp-content\/uploads\/2022\/10\/Barrels-2.jpg","datePublished":"2022-09-26T15:47:00+00:00","dateModified":"2022-10-27T15:23:03+00:00","breadcrumb":{"@id":"https:\/\/vignoblegagliano.com\/fr\/vinification\/#breadcrumb"},"inLanguage":"fr-FR","potentialAction":[{"@type":"ReadAction","target":["https:\/\/vignoblegagliano.com\/fr\/vinification\/"]}]},{"@type":"ImageObject","inLanguage":"fr-FR","@id":"https:\/\/vignoblegagliano.com\/fr\/vinification\/#primaryimage","url":"https:\/\/vignoblegagliano.com\/wp-content\/uploads\/2022\/10\/Barrels-2.jpg","contentUrl":"https:\/\/vignoblegagliano.com\/wp-content\/uploads\/2022\/10\/Barrels-2.jpg"},{"@type":"BreadcrumbList","@id":"https:\/\/vignoblegagliano.com\/fr\/vinification\/#breadcrumb","itemListElement":[{"@type":"ListItem","position":1,"name":"Home","item":"https:\/\/vignoblegagliano.com\/fr\/"},{"@type":"ListItem","position":2,"name":"Vinification"}]},{"@type":"WebSite","@id":"https:\/\/vignoblegagliano.com\/fr\/#website","url":"https:\/\/vignoblegagliano.com\/fr\/","name":"Vignoble Gagliano Vineyards","description":"","publisher":{"@id":"https:\/\/vignoblegagliano.com\/fr\/#organization"},"potentialAction":[{"@type":"SearchAction","target":{"@type":"EntryPoint","urlTemplate":"https:\/\/vignoblegagliano.com\/fr\/?s={search_term_string}"},"query-input":{"@type":"PropertyValueSpecification","valueRequired":true,"valueName":"search_term_string"}}],"inLanguage":"fr-FR"},{"@type":"Organization","@id":"https:\/\/vignoblegagliano.com\/fr\/#organization","name":"Vignoble Gagliano Vineyards","url":"https:\/\/vignoblegagliano.com\/fr\/","logo":{"@type":"ImageObject","inLanguage":"fr-FR","@id":"https:\/\/vignoblegagliano.com\/fr\/#\/schema\/logo\/image\/","url":"https:\/\/vignoblegagliano.com\/wp-content\/uploads\/2022\/09\/logo.png","contentUrl":"https:\/\/vignoblegagliano.com\/wp-content\/uploads\/2022\/09\/logo.png","width":199,"height":86,"caption":"Vignoble Gagliano Vineyards"},"image":{"@id":"https:\/\/vignoblegagliano.com\/fr\/#\/schema\/logo\/image\/"}}]}},"_links":{"self":[{"href":"https:\/\/vignoblegagliano.com\/fr\/wp-json\/wp\/v2\/pages\/1440","targetHints":{"allow":["GET"]}}],"collection":[{"href":"https:\/\/vignoblegagliano.com\/fr\/wp-json\/wp\/v2\/pages"}],"about":[{"href":"https:\/\/vignoblegagliano.com\/fr\/wp-json\/wp\/v2\/types\/page"}],"author":[{"embeddable":true,"href":"https:\/\/vignoblegagliano.com\/fr\/wp-json\/wp\/v2\/users\/1"}],"replies":[{"embeddable":true,"href":"https:\/\/vignoblegagliano.com\/fr\/wp-json\/wp\/v2\/comments?post=1440"}],"version-history":[{"count":16,"href":"https:\/\/vignoblegagliano.com\/fr\/wp-json\/wp\/v2\/pages\/1440\/revisions"}],"predecessor-version":[{"id":4556,"href":"https:\/\/vignoblegagliano.com\/fr\/wp-json\/wp\/v2\/pages\/1440\/revisions\/4556"}],"wp:attachment":[{"href":"https:\/\/vignoblegagliano.com\/fr\/wp-json\/wp\/v2\/media?parent=1440"}],"curies":[{"name":"wp","href":"https:\/\/api.w.org\/{rel}","templated":true}]}}