{"id":1655,"date":"2022-09-23T13:58:25","date_gmt":"2022-09-23T17:58:25","guid":{"rendered":"https:\/\/dev17.viacommunication.com\/product\/donna-livia-rose\/"},"modified":"2022-10-21T12:12:29","modified_gmt":"2022-10-21T16:12:29","slug":"endonna-livia-rosefrdonna-livia-rose-2","status":"publish","type":"product","link":"https:\/\/vignoblegagliano.com\/fr\/produit\/endonna-livia-rosefrdonna-livia-rose-2\/","title":{"rendered":"DONNA LIVIA ROS\u00c9"},"content":{"rendered":"<h6><img decoding=\"async\" class=\"alignnone size-full wp-image-4270\" src=\"https:\/\/vignoblegagliano.com\/wp-content\/uploads\/2022\/10\/bronze_medal.gif\" alt=\"\" width=\"43\" height=\"35\" \/>2019 M\u00c9DAILLE DE BRONZE \/ FINGER LAKES INT\u2019L \/ MILLESIME 2016<\/h6>\n<h6><img decoding=\"async\" class=\"alignnone size-full wp-image-4268\" src=\"https:\/\/vignoblegagliano.com\/wp-content\/uploads\/2022\/10\/silver_medal.gif\" alt=\"\" width=\"43\" height=\"35\" \/>2010 M\u00c9DAILLE D\u2019ARGENT \/ LES GRANDS VINS DU QU\u00c9BEC \/ MILLESIME 2010<\/h6>\n","protected":false},"excerpt":{"rendered":"<h4><b>Disponible \u00e0 la SAQ (SAQ#11633073).<\/b><\/h4>\n<p><span class=\"txt_produits3\">M\u00e9thode traditionnelle, fermentation en bouteille 11 mois. Ros\u00e9 soutenu et stable, mousse fine, belle persistance. Bulles l\u00e9g\u00e8rement grossi\u00e8res. Nez discret et ferm\u00e9 demande \u00e0 s\u2019ouvrir avec l\u2019a\u00e9ration. Saveur framboise, belle longueur.<\/span>.<\/p>\n<p><strong>C\u00e9page :<\/strong> Pionnier, Sabrevois et Frontenac Gris<\/p>\n<p><strong>Accord :<\/strong> \u00c0 boire bien frais<\/p>\n<p><strong>Alcool :<\/strong> 13%<\/p>\n<p><strong>Temp\u00e9rature de service :<\/strong> 7 \u00b0C<\/p>\n","protected":false},"featured_media":1212,"comment_status":"closed","ping_status":"closed","template":"","meta":{"site-sidebar-layout":"default","site-content-layout":"default","ast-site-content-layout":"default","site-content-style":"default","site-sidebar-style":"default","ast-global-header-display":"","ast-banner-title-visibility":"","ast-main-header-display":"","ast-hfb-above-header-display":"","ast-hfb-below-header-display":"","ast-hfb-mobile-header-display":"","site-post-title":"","ast-breadcrumbs-content":"","ast-featured-img":"","footer-sml-layout":"","ast-disable-related-posts":"","theme-transparent-header-meta":"default","adv-header-id-meta":"","stick-header-meta":"","header-above-stick-meta":"","header-main-stick-meta":"","header-below-stick-meta":"","astra-migrate-meta-layouts":"default","ast-page-background-enabled":"default","ast-page-background-meta":{"desktop":{"background-color":"var(--ast-global-color-4)","background-image":"","background-repeat":"repeat","background-position":"center center","background-size":"auto","background-attachment":"scroll","background-type":"","background-media":"","overlay-type":"","overlay-color":"","overlay-opacity":"","overlay-gradient":""},"tablet":{"background-color":"","background-image":"","background-repeat":"repeat","background-position":"center center","background-size":"auto","background-attachment":"scroll","background-type":"","background-media":"","overlay-type":"","overlay-color":"","overlay-opacity":"","overlay-gradient":""},"mobile":{"background-color":"","background-image":"","background-repeat":"repeat","background-position":"center center","background-size":"auto","background-attachment":"scroll","background-type":"","background-media":"","overlay-type":"","overlay-color":"","overlay-opacity":"","overlay-gradient":""}},"ast-content-background-meta":{"desktop":{"background-color":"var(--ast-global-color-5)","background-image":"","background-repeat":"repeat","background-position":"center center","background-size":"auto","background-attachment":"scroll","background-type":"","background-media":"","overlay-type":"","overlay-color":"","overlay-opacity":"","overlay-gradient":""},"tablet":{"background-color":"var(--ast-global-color-5)","background-image":"","background-repeat":"repeat","background-position":"center center","background-size":"auto","background-attachment":"scroll","background-type":"","background-media":"","overlay-type":"","overlay-color":"","overlay-opacity":"","overlay-gradient":""},"mobile":{"background-color":"var(--ast-global-color-5)","background-image":"","background-repeat":"repeat","background-position":"center center","background-size":"auto","background-attachment":"scroll","background-type":"","background-media":"","overlay-type":"","overlay-color":"","overlay-opacity":"","overlay-gradient":""}}},"product_brand":[],"product_cat":[44],"product_tag":[],"class_list":{"0":"post-1655","1":"product","2":"type-product","3":"status-publish","4":"has-post-thumbnail","6":"product_cat-mousseux","7":"desktop-align-left","8":"tablet-align-left","9":"mobile-align-left","11":"first","12":"outofstock","13":"taxable","14":"shipping-taxable","15":"purchasable","16":"product-type-simple"},"acf":[],"yoast_head":"<!-- This site is optimized with the Yoast SEO plugin v27.4 - https:\/\/yoast.com\/product\/yoast-seo-wordpress\/ -->\n<title>DONNA LIVIA ROS\u00c9 - Vignoble Gagliano Vineyards<\/title>\n<meta name=\"robots\" content=\"index, follow, max-snippet:-1, max-image-preview:large, max-video-preview:-1\" \/>\n<link rel=\"canonical\" href=\"https:\/\/vignoblegagliano.com\/fr\/produit\/endonna-livia-rosefrdonna-livia-rose-2\/\" \/>\n<meta property=\"og:locale\" content=\"fr_FR\" \/>\n<meta property=\"og:type\" content=\"article\" \/>\n<meta property=\"og:title\" content=\"DONNA LIVIA ROS\u00c9 - Vignoble Gagliano Vineyards\" \/>\n<meta property=\"og:description\" content=\"Disponible \u00e0 la SAQ (SAQ#11633073). M\u00e9thode traditionnelle, fermentation en bouteille 11 mois. Ros\u00e9 soutenu et stable, mousse fine, belle persistance. Bulles l\u00e9g\u00e8rement grossi\u00e8res. Nez discret et ferm\u00e9 demande \u00e0 s\u2019ouvrir avec l\u2019a\u00e9ration. Saveur framboise, belle longueur..  C\u00e9page : Pionnier, Sabrevois et Frontenac Gris  Accord : \u00c0 boire bien frais  Alcool : 13%  Temp\u00e9rature de service : 7 \u00b0C\" \/>\n<meta property=\"og:url\" content=\"https:\/\/vignoblegagliano.com\/fr\/produit\/endonna-livia-rosefrdonna-livia-rose-2\/\" \/>\n<meta property=\"og:site_name\" content=\"Vignoble Gagliano Vineyards\" \/>\n<meta property=\"article:modified_time\" content=\"2022-10-21T16:12:29+00:00\" \/>\n<meta property=\"og:image\" content=\"https:\/\/vignoblegagliano.com\/wp-content\/uploads\/2022\/09\/Donna-Livia-Rose\u0301-e1553987704740-600x900-2.png\" \/>\n\t<meta property=\"og:image:width\" content=\"600\" \/>\n\t<meta property=\"og:image:height\" content=\"800\" \/>\n\t<meta property=\"og:image:type\" content=\"image\/png\" \/>\n<meta name=\"twitter:card\" content=\"summary_large_image\" \/>\n<script type=\"application\/ld+json\" class=\"yoast-schema-graph\">{\"@context\":\"https:\\\/\\\/schema.org\",\"@graph\":[{\"@type\":\"WebPage\",\"@id\":\"https:\\\/\\\/vignoblegagliano.com\\\/fr\\\/produit\\\/endonna-livia-rosefrdonna-livia-rose-2\\\/\",\"url\":\"https:\\\/\\\/vignoblegagliano.com\\\/fr\\\/produit\\\/endonna-livia-rosefrdonna-livia-rose-2\\\/\",\"name\":\"DONNA LIVIA ROS\u00c9 - Vignoble Gagliano Vineyards\",\"isPartOf\":{\"@id\":\"https:\\\/\\\/vignoblegagliano.com\\\/fr\\\/#website\"},\"primaryImageOfPage\":{\"@id\":\"https:\\\/\\\/vignoblegagliano.com\\\/fr\\\/produit\\\/endonna-livia-rosefrdonna-livia-rose-2\\\/#primaryimage\"},\"image\":{\"@id\":\"https:\\\/\\\/vignoblegagliano.com\\\/fr\\\/produit\\\/endonna-livia-rosefrdonna-livia-rose-2\\\/#primaryimage\"},\"thumbnailUrl\":\"https:\\\/\\\/vignoblegagliano.com\\\/wp-content\\\/uploads\\\/2022\\\/09\\\/Donna-Livia-Rose\u0301-e1553987704740-600x900-2.png\",\"datePublished\":\"2022-09-23T17:58:25+00:00\",\"dateModified\":\"2022-10-21T16:12:29+00:00\",\"breadcrumb\":{\"@id\":\"https:\\\/\\\/vignoblegagliano.com\\\/fr\\\/produit\\\/endonna-livia-rosefrdonna-livia-rose-2\\\/#breadcrumb\"},\"inLanguage\":\"fr-FR\",\"potentialAction\":[{\"@type\":\"ReadAction\",\"target\":[\"https:\\\/\\\/vignoblegagliano.com\\\/fr\\\/produit\\\/endonna-livia-rosefrdonna-livia-rose-2\\\/\"]}]},{\"@type\":\"ImageObject\",\"inLanguage\":\"fr-FR\",\"@id\":\"https:\\\/\\\/vignoblegagliano.com\\\/fr\\\/produit\\\/endonna-livia-rosefrdonna-livia-rose-2\\\/#primaryimage\",\"url\":\"https:\\\/\\\/vignoblegagliano.com\\\/wp-content\\\/uploads\\\/2022\\\/09\\\/Donna-Livia-Rose\u0301-e1553987704740-600x900-2.png\",\"contentUrl\":\"https:\\\/\\\/vignoblegagliano.com\\\/wp-content\\\/uploads\\\/2022\\\/09\\\/Donna-Livia-Rose\u0301-e1553987704740-600x900-2.png\",\"width\":600,\"height\":800},{\"@type\":\"BreadcrumbList\",\"@id\":\"https:\\\/\\\/vignoblegagliano.com\\\/fr\\\/produit\\\/endonna-livia-rosefrdonna-livia-rose-2\\\/#breadcrumb\",\"itemListElement\":[{\"@type\":\"ListItem\",\"position\":1,\"name\":\"Home\",\"item\":\"https:\\\/\\\/vignoblegagliano.com\\\/fr\\\/\"},{\"@type\":\"ListItem\",\"position\":2,\"name\":\"Boutique\",\"item\":\"https:\\\/\\\/vignoblegagliano.com\\\/fr\\\/boutique\\\/\"},{\"@type\":\"ListItem\",\"position\":3,\"name\":\"DONNA LIVIA ROS\u00c9\"}]},{\"@type\":\"WebSite\",\"@id\":\"https:\\\/\\\/vignoblegagliano.com\\\/fr\\\/#website\",\"url\":\"https:\\\/\\\/vignoblegagliano.com\\\/fr\\\/\",\"name\":\"Vignoble Gagliano Vineyards\",\"description\":\"\",\"publisher\":{\"@id\":\"https:\\\/\\\/vignoblegagliano.com\\\/fr\\\/#organization\"},\"potentialAction\":[{\"@type\":\"SearchAction\",\"target\":{\"@type\":\"EntryPoint\",\"urlTemplate\":\"https:\\\/\\\/vignoblegagliano.com\\\/fr\\\/?s={search_term_string}\"},\"query-input\":{\"@type\":\"PropertyValueSpecification\",\"valueRequired\":true,\"valueName\":\"search_term_string\"}}],\"inLanguage\":\"fr-FR\"},{\"@type\":\"Organization\",\"@id\":\"https:\\\/\\\/vignoblegagliano.com\\\/fr\\\/#organization\",\"name\":\"Vignoble Gagliano Vineyards\",\"url\":\"https:\\\/\\\/vignoblegagliano.com\\\/fr\\\/\",\"logo\":{\"@type\":\"ImageObject\",\"inLanguage\":\"fr-FR\",\"@id\":\"https:\\\/\\\/vignoblegagliano.com\\\/fr\\\/#\\\/schema\\\/logo\\\/image\\\/\",\"url\":\"https:\\\/\\\/vignoblegagliano.com\\\/wp-content\\\/uploads\\\/2022\\\/09\\\/logo.png\",\"contentUrl\":\"https:\\\/\\\/vignoblegagliano.com\\\/wp-content\\\/uploads\\\/2022\\\/09\\\/logo.png\",\"width\":199,\"height\":86,\"caption\":\"Vignoble Gagliano Vineyards\"},\"image\":{\"@id\":\"https:\\\/\\\/vignoblegagliano.com\\\/fr\\\/#\\\/schema\\\/logo\\\/image\\\/\"}}]}<\/script>\n<!-- \/ Yoast SEO plugin. -->","yoast_head_json":{"title":"DONNA LIVIA ROS\u00c9 - Vignoble Gagliano Vineyards","robots":{"index":"index","follow":"follow","max-snippet":"max-snippet:-1","max-image-preview":"max-image-preview:large","max-video-preview":"max-video-preview:-1"},"canonical":"https:\/\/vignoblegagliano.com\/fr\/produit\/endonna-livia-rosefrdonna-livia-rose-2\/","og_locale":"fr_FR","og_type":"article","og_title":"DONNA LIVIA ROS\u00c9 - Vignoble Gagliano Vineyards","og_description":"Disponible \u00e0 la SAQ (SAQ#11633073). M\u00e9thode traditionnelle, fermentation en bouteille 11 mois. Ros\u00e9 soutenu et stable, mousse fine, belle persistance. Bulles l\u00e9g\u00e8rement grossi\u00e8res. Nez discret et ferm\u00e9 demande \u00e0 s\u2019ouvrir avec l\u2019a\u00e9ration. Saveur framboise, belle longueur..  C\u00e9page : Pionnier, Sabrevois et Frontenac Gris  Accord : \u00c0 boire bien frais  Alcool : 13%  Temp\u00e9rature de service : 7 \u00b0C","og_url":"https:\/\/vignoblegagliano.com\/fr\/produit\/endonna-livia-rosefrdonna-livia-rose-2\/","og_site_name":"Vignoble Gagliano Vineyards","article_modified_time":"2022-10-21T16:12:29+00:00","og_image":[{"width":600,"height":800,"url":"https:\/\/vignoblegagliano.com\/wp-content\/uploads\/2022\/09\/Donna-Livia-Rose\u0301-e1553987704740-600x900-2.png","type":"image\/png"}],"twitter_card":"summary_large_image","schema":{"@context":"https:\/\/schema.org","@graph":[{"@type":"WebPage","@id":"https:\/\/vignoblegagliano.com\/fr\/produit\/endonna-livia-rosefrdonna-livia-rose-2\/","url":"https:\/\/vignoblegagliano.com\/fr\/produit\/endonna-livia-rosefrdonna-livia-rose-2\/","name":"DONNA LIVIA ROS\u00c9 - Vignoble Gagliano Vineyards","isPartOf":{"@id":"https:\/\/vignoblegagliano.com\/fr\/#website"},"primaryImageOfPage":{"@id":"https:\/\/vignoblegagliano.com\/fr\/produit\/endonna-livia-rosefrdonna-livia-rose-2\/#primaryimage"},"image":{"@id":"https:\/\/vignoblegagliano.com\/fr\/produit\/endonna-livia-rosefrdonna-livia-rose-2\/#primaryimage"},"thumbnailUrl":"https:\/\/vignoblegagliano.com\/wp-content\/uploads\/2022\/09\/Donna-Livia-Rose\u0301-e1553987704740-600x900-2.png","datePublished":"2022-09-23T17:58:25+00:00","dateModified":"2022-10-21T16:12:29+00:00","breadcrumb":{"@id":"https:\/\/vignoblegagliano.com\/fr\/produit\/endonna-livia-rosefrdonna-livia-rose-2\/#breadcrumb"},"inLanguage":"fr-FR","potentialAction":[{"@type":"ReadAction","target":["https:\/\/vignoblegagliano.com\/fr\/produit\/endonna-livia-rosefrdonna-livia-rose-2\/"]}]},{"@type":"ImageObject","inLanguage":"fr-FR","@id":"https:\/\/vignoblegagliano.com\/fr\/produit\/endonna-livia-rosefrdonna-livia-rose-2\/#primaryimage","url":"https:\/\/vignoblegagliano.com\/wp-content\/uploads\/2022\/09\/Donna-Livia-Rose\u0301-e1553987704740-600x900-2.png","contentUrl":"https:\/\/vignoblegagliano.com\/wp-content\/uploads\/2022\/09\/Donna-Livia-Rose\u0301-e1553987704740-600x900-2.png","width":600,"height":800},{"@type":"BreadcrumbList","@id":"https:\/\/vignoblegagliano.com\/fr\/produit\/endonna-livia-rosefrdonna-livia-rose-2\/#breadcrumb","itemListElement":[{"@type":"ListItem","position":1,"name":"Home","item":"https:\/\/vignoblegagliano.com\/fr\/"},{"@type":"ListItem","position":2,"name":"Boutique","item":"https:\/\/vignoblegagliano.com\/fr\/boutique\/"},{"@type":"ListItem","position":3,"name":"DONNA LIVIA ROS\u00c9"}]},{"@type":"WebSite","@id":"https:\/\/vignoblegagliano.com\/fr\/#website","url":"https:\/\/vignoblegagliano.com\/fr\/","name":"Vignoble Gagliano Vineyards","description":"","publisher":{"@id":"https:\/\/vignoblegagliano.com\/fr\/#organization"},"potentialAction":[{"@type":"SearchAction","target":{"@type":"EntryPoint","urlTemplate":"https:\/\/vignoblegagliano.com\/fr\/?s={search_term_string}"},"query-input":{"@type":"PropertyValueSpecification","valueRequired":true,"valueName":"search_term_string"}}],"inLanguage":"fr-FR"},{"@type":"Organization","@id":"https:\/\/vignoblegagliano.com\/fr\/#organization","name":"Vignoble Gagliano Vineyards","url":"https:\/\/vignoblegagliano.com\/fr\/","logo":{"@type":"ImageObject","inLanguage":"fr-FR","@id":"https:\/\/vignoblegagliano.com\/fr\/#\/schema\/logo\/image\/","url":"https:\/\/vignoblegagliano.com\/wp-content\/uploads\/2022\/09\/logo.png","contentUrl":"https:\/\/vignoblegagliano.com\/wp-content\/uploads\/2022\/09\/logo.png","width":199,"height":86,"caption":"Vignoble Gagliano Vineyards"},"image":{"@id":"https:\/\/vignoblegagliano.com\/fr\/#\/schema\/logo\/image\/"}}]}},"_links":{"self":[{"href":"https:\/\/vignoblegagliano.com\/fr\/wp-json\/wp\/v2\/product\/1655","targetHints":{"allow":["GET"]}}],"collection":[{"href":"https:\/\/vignoblegagliano.com\/fr\/wp-json\/wp\/v2\/product"}],"about":[{"href":"https:\/\/vignoblegagliano.com\/fr\/wp-json\/wp\/v2\/types\/product"}],"replies":[{"embeddable":true,"href":"https:\/\/vignoblegagliano.com\/fr\/wp-json\/wp\/v2\/comments?post=1655"}],"wp:featuredmedia":[{"embeddable":true,"href":"https:\/\/vignoblegagliano.com\/fr\/wp-json\/wp\/v2\/media\/1212"}],"wp:attachment":[{"href":"https:\/\/vignoblegagliano.com\/fr\/wp-json\/wp\/v2\/media?parent=1655"}],"wp:term":[{"taxonomy":"product_brand","embeddable":true,"href":"https:\/\/vignoblegagliano.com\/fr\/wp-json\/wp\/v2\/product_brand?post=1655"},{"taxonomy":"product_cat","embeddable":true,"href":"https:\/\/vignoblegagliano.com\/fr\/wp-json\/wp\/v2\/product_cat?post=1655"},{"taxonomy":"product_tag","embeddable":true,"href":"https:\/\/vignoblegagliano.com\/fr\/wp-json\/wp\/v2\/product_tag?post=1655"}],"curies":[{"name":"wp","href":"https:\/\/api.w.org\/{rel}","templated":true}]}}