{"id":1658,"date":"2022-09-23T13:58:24","date_gmt":"2022-09-23T17:58:24","guid":{"rendered":"https:\/\/dev17.viacommunication.com\/product\/frontenac-gris\/"},"modified":"2023-11-22T13:16:08","modified_gmt":"2023-11-22T18:16:08","slug":"enfrontenac-grisfrfrontenac-gris","status":"publish","type":"product","link":"https:\/\/vignoblegagliano.com\/fr\/produit\/enfrontenac-grisfrfrontenac-gris\/","title":{"rendered":"FRONTENAC GRIS"},"content":{"rendered":"<h6><img decoding=\"async\" class=\"alignnone size-full wp-image-4266\" src=\"http:\/\/vignoblegagliano.com\/wp-content\/uploads\/2022\/10\/gold_medal.gif\" alt=\"\" width=\"43\" height=\"35\" \/>2023 M\u00c9DAILLE D&rsquo;OR \/ COUPE DES NATIONS \/ MILLESIME 2022<\/h6>\n<h6><img decoding=\"async\" class=\"alignnone size-full wp-image-4269\" src=\"https:\/\/vignoblegagliano.com\/wp-content\/uploads\/2022\/10\/bronze_medal.gif\" alt=\"\" width=\"43\" height=\"35\" \/>2020 M\u00c9DAILLE DE BRONZE \/ FINGER LAKES INT\u2019L \/ MILLESIME 2018<\/h6>\n<h6><img decoding=\"async\" class=\"alignnone size-full wp-image-4269\" src=\"https:\/\/vignoblegagliano.com\/wp-content\/uploads\/2022\/10\/bronze_medal.gif\" alt=\"\" width=\"43\" height=\"35\" \/>2013 M\u00c9DAILLE DE BRONZE \/ FINGER LAKES INT\u2019L \/ MILLESIME 2011<\/h6>\n<h6><img decoding=\"async\" class=\"alignnone size-full wp-image-4418\" src=\"https:\/\/vignoblegagliano.com\/wp-content\/uploads\/2022\/09\/distiction_ribbon.gif\" alt=\"\" width=\"38\" height=\"35\" \/>2012 SCEAU DE DISTINCTION \/ COUPE DES NATIONS \/ MILLESIME 2010<\/h6>\n","protected":false},"excerpt":{"rendered":"<h4><b>Disponible \u00e0 la SAQ (SAQ#11575731) et chez votre \u00e9picier Metro et IGA.<\/b><\/h4>\n<p>Frontenac Gris exhibant une couleur jaune dor\u00e9e de bonne intensit\u00e9. Nez puissant s\u2019ouvrant sur des notes de sous bois. \u00c0 cela s\u2019ajoute des effluves de p\u00eache, d\u2019abricots tr\u00e8s m\u00fbrs, pommes vertes et pamplemousse. Laisse-vous charmer par ce blanc demi-sec laissant percevoir une agr\u00e9able fra\u00eecheur. Il d\u00e9voile une bouche presque grasse qui perdure dans une finale persistante.<\/p>\n<p><strong>C\u00e9page :<\/strong> Frontenac Gris<\/p>\n<p><strong>Accord :<\/strong> Servir en ap\u00e9ritif, homard bouilli ou grill\u00e9 avec une touche de beurre \u00e0 l&rsquo;ail, poissons gras, viandes blanches et fromages<\/p>\n<p><strong>Alcool :<\/strong> 13%<\/p>\n<p><strong>Temp\u00e9rature de service :<\/strong> 13 \u00b0C<\/p>\n","protected":false},"featured_media":4725,"comment_status":"closed","ping_status":"closed","template":"","meta":{"site-sidebar-layout":"default","site-content-layout":"default","ast-site-content-layout":"default","site-content-style":"default","site-sidebar-style":"default","ast-global-header-display":"","ast-banner-title-visibility":"","ast-main-header-display":"","ast-hfb-above-header-display":"","ast-hfb-below-header-display":"","ast-hfb-mobile-header-display":"","site-post-title":"","ast-breadcrumbs-content":"","ast-featured-img":"","footer-sml-layout":"","ast-disable-related-posts":"","theme-transparent-header-meta":"default","adv-header-id-meta":"","stick-header-meta":"","header-above-stick-meta":"","header-main-stick-meta":"","header-below-stick-meta":"","astra-migrate-meta-layouts":"default","ast-page-background-enabled":"default","ast-page-background-meta":{"desktop":{"background-color":"var(--ast-global-color-4)","background-image":"","background-repeat":"repeat","background-position":"center center","background-size":"auto","background-attachment":"scroll","background-type":"","background-media":"","overlay-type":"","overlay-color":"","overlay-opacity":"","overlay-gradient":""},"tablet":{"background-color":"","background-image":"","background-repeat":"repeat","background-position":"center center","background-size":"auto","background-attachment":"scroll","background-type":"","background-media":"","overlay-type":"","overlay-color":"","overlay-opacity":"","overlay-gradient":""},"mobile":{"background-color":"","background-image":"","background-repeat":"repeat","background-position":"center center","background-size":"auto","background-attachment":"scroll","background-type":"","background-media":"","overlay-type":"","overlay-color":"","overlay-opacity":"","overlay-gradient":""}},"ast-content-background-meta":{"desktop":{"background-color":"var(--ast-global-color-5)","background-image":"","background-repeat":"repeat","background-position":"center center","background-size":"auto","background-attachment":"scroll","background-type":"","background-media":"","overlay-type":"","overlay-color":"","overlay-opacity":"","overlay-gradient":""},"tablet":{"background-color":"var(--ast-global-color-5)","background-image":"","background-repeat":"repeat","background-position":"center center","background-size":"auto","background-attachment":"scroll","background-type":"","background-media":"","overlay-type":"","overlay-color":"","overlay-opacity":"","overlay-gradient":""},"mobile":{"background-color":"var(--ast-global-color-5)","background-image":"","background-repeat":"repeat","background-position":"center center","background-size":"auto","background-attachment":"scroll","background-type":"","background-media":"","overlay-type":"","overlay-color":"","overlay-opacity":"","overlay-gradient":""}}},"product_brand":[],"product_cat":[50],"product_tag":[],"class_list":{"0":"post-1658","1":"product","2":"type-product","3":"status-publish","4":"has-post-thumbnail","6":"product_cat-blancs","7":"desktop-align-left","8":"tablet-align-left","9":"mobile-align-left","11":"first","12":"instock","13":"taxable","14":"shipping-taxable","15":"purchasable","16":"product-type-simple"},"acf":[],"yoast_head":"<!-- This site is optimized with the Yoast SEO plugin v27.4 - https:\/\/yoast.com\/product\/yoast-seo-wordpress\/ -->\n<title>FRONTENAC GRIS - Vignoble Gagliano Vineyards<\/title>\n<meta name=\"robots\" content=\"index, follow, max-snippet:-1, max-image-preview:large, max-video-preview:-1\" \/>\n<link rel=\"canonical\" href=\"https:\/\/vignoblegagliano.com\/fr\/produit\/enfrontenac-grisfrfrontenac-gris\/\" \/>\n<meta property=\"og:locale\" content=\"fr_FR\" \/>\n<meta property=\"og:type\" content=\"article\" \/>\n<meta property=\"og:title\" content=\"FRONTENAC GRIS - Vignoble Gagliano Vineyards\" \/>\n<meta property=\"og:description\" content=\"Disponible \u00e0 la SAQ (SAQ#11575731) et chez votre \u00e9picier Metro et IGA. Frontenac Gris exhibant une couleur jaune dor\u00e9e de bonne intensit\u00e9. Nez puissant s\u2019ouvrant sur des notes de sous bois. \u00c0 cela s\u2019ajoute des effluves de p\u00eache, d\u2019abricots tr\u00e8s m\u00fbrs, pommes vertes et pamplemousse. Laisse-vous charmer par ce blanc demi-sec laissant percevoir une agr\u00e9able fra\u00eecheur. Il d\u00e9voile une bouche presque grasse qui perdure dans une finale persistante.  C\u00e9page : Frontenac Gris  Accord : Servir en ap\u00e9ritif, homard bouilli ou grill\u00e9 avec une touche de beurre \u00e0 l&#039;ail, poissons gras, viandes blanches et fromages  Alcool : 13%  Temp\u00e9rature de service : 13 \u00b0C\" \/>\n<meta property=\"og:url\" content=\"https:\/\/vignoblegagliano.com\/fr\/produit\/enfrontenac-grisfrfrontenac-gris\/\" \/>\n<meta property=\"og:site_name\" content=\"Vignoble Gagliano Vineyards\" \/>\n<meta property=\"article:modified_time\" content=\"2023-11-22T18:16:08+00:00\" \/>\n<meta property=\"og:image\" content=\"http:\/\/vignoblegagliano.com\/wp-content\/uploads\/2022\/09\/Frontenac-Gris.png\" \/>\n\t<meta property=\"og:image:width\" content=\"1280\" \/>\n\t<meta property=\"og:image:height\" content=\"1920\" \/>\n\t<meta property=\"og:image:type\" content=\"image\/png\" \/>\n<meta name=\"twitter:card\" content=\"summary_large_image\" \/>\n<meta name=\"twitter:label1\" content=\"Dur\u00e9e de lecture estim\u00e9e\" \/>\n\t<meta name=\"twitter:data1\" content=\"1 minute\" \/>\n<script type=\"application\/ld+json\" class=\"yoast-schema-graph\">{\"@context\":\"https:\\\/\\\/schema.org\",\"@graph\":[{\"@type\":\"WebPage\",\"@id\":\"https:\\\/\\\/vignoblegagliano.com\\\/fr\\\/produit\\\/enfrontenac-grisfrfrontenac-gris\\\/\",\"url\":\"https:\\\/\\\/vignoblegagliano.com\\\/fr\\\/produit\\\/enfrontenac-grisfrfrontenac-gris\\\/\",\"name\":\"FRONTENAC GRIS - Vignoble Gagliano Vineyards\",\"isPartOf\":{\"@id\":\"https:\\\/\\\/vignoblegagliano.com\\\/fr\\\/#website\"},\"primaryImageOfPage\":{\"@id\":\"https:\\\/\\\/vignoblegagliano.com\\\/fr\\\/produit\\\/enfrontenac-grisfrfrontenac-gris\\\/#primaryimage\"},\"image\":{\"@id\":\"https:\\\/\\\/vignoblegagliano.com\\\/fr\\\/produit\\\/enfrontenac-grisfrfrontenac-gris\\\/#primaryimage\"},\"thumbnailUrl\":\"https:\\\/\\\/vignoblegagliano.com\\\/wp-content\\\/uploads\\\/2022\\\/09\\\/Frontenac-Gris.png\",\"datePublished\":\"2022-09-23T17:58:24+00:00\",\"dateModified\":\"2023-11-22T18:16:08+00:00\",\"breadcrumb\":{\"@id\":\"https:\\\/\\\/vignoblegagliano.com\\\/fr\\\/produit\\\/enfrontenac-grisfrfrontenac-gris\\\/#breadcrumb\"},\"inLanguage\":\"fr-FR\",\"potentialAction\":[{\"@type\":\"ReadAction\",\"target\":[\"https:\\\/\\\/vignoblegagliano.com\\\/fr\\\/produit\\\/enfrontenac-grisfrfrontenac-gris\\\/\"]}]},{\"@type\":\"ImageObject\",\"inLanguage\":\"fr-FR\",\"@id\":\"https:\\\/\\\/vignoblegagliano.com\\\/fr\\\/produit\\\/enfrontenac-grisfrfrontenac-gris\\\/#primaryimage\",\"url\":\"https:\\\/\\\/vignoblegagliano.com\\\/wp-content\\\/uploads\\\/2022\\\/09\\\/Frontenac-Gris.png\",\"contentUrl\":\"https:\\\/\\\/vignoblegagliano.com\\\/wp-content\\\/uploads\\\/2022\\\/09\\\/Frontenac-Gris.png\",\"width\":1280,\"height\":1920},{\"@type\":\"BreadcrumbList\",\"@id\":\"https:\\\/\\\/vignoblegagliano.com\\\/fr\\\/produit\\\/enfrontenac-grisfrfrontenac-gris\\\/#breadcrumb\",\"itemListElement\":[{\"@type\":\"ListItem\",\"position\":1,\"name\":\"Home\",\"item\":\"https:\\\/\\\/vignoblegagliano.com\\\/fr\\\/\"},{\"@type\":\"ListItem\",\"position\":2,\"name\":\"Boutique\",\"item\":\"https:\\\/\\\/vignoblegagliano.com\\\/fr\\\/boutique\\\/\"},{\"@type\":\"ListItem\",\"position\":3,\"name\":\"FRONTENAC GRIS\"}]},{\"@type\":\"WebSite\",\"@id\":\"https:\\\/\\\/vignoblegagliano.com\\\/fr\\\/#website\",\"url\":\"https:\\\/\\\/vignoblegagliano.com\\\/fr\\\/\",\"name\":\"Vignoble Gagliano Vineyards\",\"description\":\"\",\"publisher\":{\"@id\":\"https:\\\/\\\/vignoblegagliano.com\\\/fr\\\/#organization\"},\"potentialAction\":[{\"@type\":\"SearchAction\",\"target\":{\"@type\":\"EntryPoint\",\"urlTemplate\":\"https:\\\/\\\/vignoblegagliano.com\\\/fr\\\/?s={search_term_string}\"},\"query-input\":{\"@type\":\"PropertyValueSpecification\",\"valueRequired\":true,\"valueName\":\"search_term_string\"}}],\"inLanguage\":\"fr-FR\"},{\"@type\":\"Organization\",\"@id\":\"https:\\\/\\\/vignoblegagliano.com\\\/fr\\\/#organization\",\"name\":\"Vignoble Gagliano Vineyards\",\"url\":\"https:\\\/\\\/vignoblegagliano.com\\\/fr\\\/\",\"logo\":{\"@type\":\"ImageObject\",\"inLanguage\":\"fr-FR\",\"@id\":\"https:\\\/\\\/vignoblegagliano.com\\\/fr\\\/#\\\/schema\\\/logo\\\/image\\\/\",\"url\":\"https:\\\/\\\/vignoblegagliano.com\\\/wp-content\\\/uploads\\\/2022\\\/09\\\/logo.png\",\"contentUrl\":\"https:\\\/\\\/vignoblegagliano.com\\\/wp-content\\\/uploads\\\/2022\\\/09\\\/logo.png\",\"width\":199,\"height\":86,\"caption\":\"Vignoble Gagliano Vineyards\"},\"image\":{\"@id\":\"https:\\\/\\\/vignoblegagliano.com\\\/fr\\\/#\\\/schema\\\/logo\\\/image\\\/\"}}]}<\/script>\n<!-- \/ Yoast SEO plugin. -->","yoast_head_json":{"title":"FRONTENAC GRIS - Vignoble Gagliano Vineyards","robots":{"index":"index","follow":"follow","max-snippet":"max-snippet:-1","max-image-preview":"max-image-preview:large","max-video-preview":"max-video-preview:-1"},"canonical":"https:\/\/vignoblegagliano.com\/fr\/produit\/enfrontenac-grisfrfrontenac-gris\/","og_locale":"fr_FR","og_type":"article","og_title":"FRONTENAC GRIS - Vignoble Gagliano Vineyards","og_description":"Disponible \u00e0 la SAQ (SAQ#11575731) et chez votre \u00e9picier Metro et IGA. Frontenac Gris exhibant une couleur jaune dor\u00e9e de bonne intensit\u00e9. Nez puissant s\u2019ouvrant sur des notes de sous bois. \u00c0 cela s\u2019ajoute des effluves de p\u00eache, d\u2019abricots tr\u00e8s m\u00fbrs, pommes vertes et pamplemousse. Laisse-vous charmer par ce blanc demi-sec laissant percevoir une agr\u00e9able fra\u00eecheur. Il d\u00e9voile une bouche presque grasse qui perdure dans une finale persistante.  C\u00e9page : Frontenac Gris  Accord : Servir en ap\u00e9ritif, homard bouilli ou grill\u00e9 avec une touche de beurre \u00e0 l'ail, poissons gras, viandes blanches et fromages  Alcool : 13%  Temp\u00e9rature de service : 13 \u00b0C","og_url":"https:\/\/vignoblegagliano.com\/fr\/produit\/enfrontenac-grisfrfrontenac-gris\/","og_site_name":"Vignoble Gagliano Vineyards","article_modified_time":"2023-11-22T18:16:08+00:00","og_image":[{"width":1280,"height":1920,"url":"http:\/\/vignoblegagliano.com\/wp-content\/uploads\/2022\/09\/Frontenac-Gris.png","type":"image\/png"}],"twitter_card":"summary_large_image","twitter_misc":{"Dur\u00e9e de lecture estim\u00e9e":"1 minute"},"schema":{"@context":"https:\/\/schema.org","@graph":[{"@type":"WebPage","@id":"https:\/\/vignoblegagliano.com\/fr\/produit\/enfrontenac-grisfrfrontenac-gris\/","url":"https:\/\/vignoblegagliano.com\/fr\/produit\/enfrontenac-grisfrfrontenac-gris\/","name":"FRONTENAC GRIS - Vignoble Gagliano Vineyards","isPartOf":{"@id":"https:\/\/vignoblegagliano.com\/fr\/#website"},"primaryImageOfPage":{"@id":"https:\/\/vignoblegagliano.com\/fr\/produit\/enfrontenac-grisfrfrontenac-gris\/#primaryimage"},"image":{"@id":"https:\/\/vignoblegagliano.com\/fr\/produit\/enfrontenac-grisfrfrontenac-gris\/#primaryimage"},"thumbnailUrl":"https:\/\/vignoblegagliano.com\/wp-content\/uploads\/2022\/09\/Frontenac-Gris.png","datePublished":"2022-09-23T17:58:24+00:00","dateModified":"2023-11-22T18:16:08+00:00","breadcrumb":{"@id":"https:\/\/vignoblegagliano.com\/fr\/produit\/enfrontenac-grisfrfrontenac-gris\/#breadcrumb"},"inLanguage":"fr-FR","potentialAction":[{"@type":"ReadAction","target":["https:\/\/vignoblegagliano.com\/fr\/produit\/enfrontenac-grisfrfrontenac-gris\/"]}]},{"@type":"ImageObject","inLanguage":"fr-FR","@id":"https:\/\/vignoblegagliano.com\/fr\/produit\/enfrontenac-grisfrfrontenac-gris\/#primaryimage","url":"https:\/\/vignoblegagliano.com\/wp-content\/uploads\/2022\/09\/Frontenac-Gris.png","contentUrl":"https:\/\/vignoblegagliano.com\/wp-content\/uploads\/2022\/09\/Frontenac-Gris.png","width":1280,"height":1920},{"@type":"BreadcrumbList","@id":"https:\/\/vignoblegagliano.com\/fr\/produit\/enfrontenac-grisfrfrontenac-gris\/#breadcrumb","itemListElement":[{"@type":"ListItem","position":1,"name":"Home","item":"https:\/\/vignoblegagliano.com\/fr\/"},{"@type":"ListItem","position":2,"name":"Boutique","item":"https:\/\/vignoblegagliano.com\/fr\/boutique\/"},{"@type":"ListItem","position":3,"name":"FRONTENAC GRIS"}]},{"@type":"WebSite","@id":"https:\/\/vignoblegagliano.com\/fr\/#website","url":"https:\/\/vignoblegagliano.com\/fr\/","name":"Vignoble Gagliano Vineyards","description":"","publisher":{"@id":"https:\/\/vignoblegagliano.com\/fr\/#organization"},"potentialAction":[{"@type":"SearchAction","target":{"@type":"EntryPoint","urlTemplate":"https:\/\/vignoblegagliano.com\/fr\/?s={search_term_string}"},"query-input":{"@type":"PropertyValueSpecification","valueRequired":true,"valueName":"search_term_string"}}],"inLanguage":"fr-FR"},{"@type":"Organization","@id":"https:\/\/vignoblegagliano.com\/fr\/#organization","name":"Vignoble Gagliano Vineyards","url":"https:\/\/vignoblegagliano.com\/fr\/","logo":{"@type":"ImageObject","inLanguage":"fr-FR","@id":"https:\/\/vignoblegagliano.com\/fr\/#\/schema\/logo\/image\/","url":"https:\/\/vignoblegagliano.com\/wp-content\/uploads\/2022\/09\/logo.png","contentUrl":"https:\/\/vignoblegagliano.com\/wp-content\/uploads\/2022\/09\/logo.png","width":199,"height":86,"caption":"Vignoble Gagliano Vineyards"},"image":{"@id":"https:\/\/vignoblegagliano.com\/fr\/#\/schema\/logo\/image\/"}}]}},"_links":{"self":[{"href":"https:\/\/vignoblegagliano.com\/fr\/wp-json\/wp\/v2\/product\/1658","targetHints":{"allow":["GET"]}}],"collection":[{"href":"https:\/\/vignoblegagliano.com\/fr\/wp-json\/wp\/v2\/product"}],"about":[{"href":"https:\/\/vignoblegagliano.com\/fr\/wp-json\/wp\/v2\/types\/product"}],"replies":[{"embeddable":true,"href":"https:\/\/vignoblegagliano.com\/fr\/wp-json\/wp\/v2\/comments?post=1658"}],"wp:featuredmedia":[{"embeddable":true,"href":"https:\/\/vignoblegagliano.com\/fr\/wp-json\/wp\/v2\/media\/4725"}],"wp:attachment":[{"href":"https:\/\/vignoblegagliano.com\/fr\/wp-json\/wp\/v2\/media?parent=1658"}],"wp:term":[{"taxonomy":"product_brand","embeddable":true,"href":"https:\/\/vignoblegagliano.com\/fr\/wp-json\/wp\/v2\/product_brand?post=1658"},{"taxonomy":"product_cat","embeddable":true,"href":"https:\/\/vignoblegagliano.com\/fr\/wp-json\/wp\/v2\/product_cat?post=1658"},{"taxonomy":"product_tag","embeddable":true,"href":"https:\/\/vignoblegagliano.com\/fr\/wp-json\/wp\/v2\/product_tag?post=1658"}],"curies":[{"name":"wp","href":"https:\/\/api.w.org\/{rel}","templated":true}]}}