{"id":1659,"date":"2022-09-23T13:58:24","date_gmt":"2022-09-23T17:58:24","guid":{"rendered":"https:\/\/dev17.viacommunication.com\/product\/trinita\/"},"modified":"2023-11-22T13:21:29","modified_gmt":"2023-11-22T18:21:29","slug":"entrinitafrtrinita","status":"publish","type":"product","link":"https:\/\/vignoblegagliano.com\/fr\/produit\/entrinitafrtrinita\/","title":{"rendered":"TRINITA"},"content":{"rendered":"<h6><img decoding=\"async\" class=\"alignnone size-full wp-image-4270\" src=\"http:\/\/vignoblegagliano.com\/wp-content\/uploads\/2022\/10\/bronze_medal.gif\" alt=\"\" width=\"43\" height=\"35\" \/>2023 M\u00c9DAILLE DE BRONZE \/ FINGER LAKES INT&rsquo;L \/ MILLESIME 2021<\/h6>\n<h6><img decoding=\"async\" class=\"alignnone size-full wp-image-4269\" src=\"https:\/\/vignoblegagliano.com\/wp-content\/uploads\/2022\/10\/bronze_medal.gif\" alt=\"\" width=\"43\" height=\"35\" \/>2014 M\u00c9DAILLE DE BRONZE \/ FINGER LAKES INT\u2019L \/ MILLESIME 2012<\/h6>\n<h6><img decoding=\"async\" class=\"alignnone size-full wp-image-4267\" src=\"https:\/\/vignoblegagliano.com\/wp-content\/uploads\/2022\/10\/silver_medal.gif\" alt=\"\" width=\"43\" height=\"35\" \/>2013 M\u00c9DAILLE D\u2019ARGENT SUP\u00c9RIEUR \/ LES GRANDS VINS DU QU\u00c9BEC \/ MILLESIME 2012<\/h6>\n<h6><img decoding=\"async\" class=\"alignnone size-full wp-image-4267\" src=\"https:\/\/vignoblegagliano.com\/wp-content\/uploads\/2022\/10\/silver_medal.gif\" alt=\"\" width=\"43\" height=\"35\" \/>2011 M\u00c9DAILLE D\u2019ARGENT \/ LES GRANDS VINS DU QU\u00c9BEC \/ MILLESIME 2010<\/h6>\n<h6><img decoding=\"async\" class=\"alignnone size-full wp-image-4267\" src=\"https:\/\/vignoblegagliano.com\/wp-content\/uploads\/2022\/10\/silver_medal.gif\" alt=\"\" width=\"43\" height=\"35\" \/>2010 M\u00c9DAILLE D\u2019ARGENT \/ LES GRANDS VINS DU QU\u00c9BEC \/ MILLESIME 2009<\/h6>\n","protected":false},"excerpt":{"rendered":"<p>Petite Pearl et Frontenac \u00e9lev\u00e9s en f\u00fbt de ch\u00eane. Robe brillante d\u2019un rouge rubis violac\u00e9. Nez prononc\u00e9 de cassis et fruits rouges. D\u00e9voilant une bouche tr\u00e8s complexe munie de tanins enrob\u00e9s avec une belle longueur et une petite touche sucr\u00e9e.<\/p>\n<p><strong>C\u00e9page :<\/strong> Petite Pearl et Frontenac<\/p>\n<p><strong>Accord :<\/strong> Servir avec viandes rouges, gibier et fromages cors\u00e9s<\/p>\n<p><strong>Alcool :<\/strong> 14,5%<\/p>\n<p><strong>Temp\u00e9rature de service :<\/strong> 16 \u00b0C<\/p>\n","protected":false},"featured_media":4727,"comment_status":"closed","ping_status":"closed","template":"","meta":{"site-sidebar-layout":"default","site-content-layout":"default","ast-site-content-layout":"default","site-content-style":"default","site-sidebar-style":"default","ast-global-header-display":"","ast-banner-title-visibility":"","ast-main-header-display":"","ast-hfb-above-header-display":"","ast-hfb-below-header-display":"","ast-hfb-mobile-header-display":"","site-post-title":"","ast-breadcrumbs-content":"","ast-featured-img":"","footer-sml-layout":"","ast-disable-related-posts":"","theme-transparent-header-meta":"default","adv-header-id-meta":"","stick-header-meta":"","header-above-stick-meta":"","header-main-stick-meta":"","header-below-stick-meta":"","astra-migrate-meta-layouts":"default","ast-page-background-enabled":"default","ast-page-background-meta":{"desktop":{"background-color":"var(--ast-global-color-4)","background-image":"","background-repeat":"repeat","background-position":"center center","background-size":"auto","background-attachment":"scroll","background-type":"","background-media":"","overlay-type":"","overlay-color":"","overlay-opacity":"","overlay-gradient":""},"tablet":{"background-color":"","background-image":"","background-repeat":"repeat","background-position":"center center","background-size":"auto","background-attachment":"scroll","background-type":"","background-media":"","overlay-type":"","overlay-color":"","overlay-opacity":"","overlay-gradient":""},"mobile":{"background-color":"","background-image":"","background-repeat":"repeat","background-position":"center center","background-size":"auto","background-attachment":"scroll","background-type":"","background-media":"","overlay-type":"","overlay-color":"","overlay-opacity":"","overlay-gradient":""}},"ast-content-background-meta":{"desktop":{"background-color":"var(--ast-global-color-5)","background-image":"","background-repeat":"repeat","background-position":"center center","background-size":"auto","background-attachment":"scroll","background-type":"","background-media":"","overlay-type":"","overlay-color":"","overlay-opacity":"","overlay-gradient":""},"tablet":{"background-color":"var(--ast-global-color-5)","background-image":"","background-repeat":"repeat","background-position":"center center","background-size":"auto","background-attachment":"scroll","background-type":"","background-media":"","overlay-type":"","overlay-color":"","overlay-opacity":"","overlay-gradient":""},"mobile":{"background-color":"var(--ast-global-color-5)","background-image":"","background-repeat":"repeat","background-position":"center center","background-size":"auto","background-attachment":"scroll","background-type":"","background-media":"","overlay-type":"","overlay-color":"","overlay-opacity":"","overlay-gradient":""}}},"product_brand":[],"product_cat":[49],"product_tag":[],"class_list":{"0":"post-1659","1":"product","2":"type-product","3":"status-publish","4":"has-post-thumbnail","6":"product_cat-rouges","7":"desktop-align-left","8":"tablet-align-left","9":"mobile-align-left","11":"first","12":"outofstock","13":"taxable","14":"shipping-taxable","15":"purchasable","16":"product-type-simple"},"acf":[],"yoast_head":"<!-- This site is optimized with the Yoast SEO plugin v27.4 - https:\/\/yoast.com\/product\/yoast-seo-wordpress\/ -->\n<title>TRINITA - Vignoble Gagliano Vineyards<\/title>\n<meta name=\"robots\" content=\"index, follow, max-snippet:-1, max-image-preview:large, max-video-preview:-1\" \/>\n<link rel=\"canonical\" href=\"https:\/\/vignoblegagliano.com\/fr\/produit\/entrinitafrtrinita\/\" \/>\n<meta property=\"og:locale\" content=\"fr_FR\" \/>\n<meta property=\"og:type\" content=\"article\" \/>\n<meta property=\"og:title\" content=\"TRINITA - Vignoble Gagliano Vineyards\" \/>\n<meta property=\"og:description\" content=\"Petite Pearl et Frontenac \u00e9lev\u00e9s en f\u00fbt de ch\u00eane. Robe brillante d\u2019un rouge rubis violac\u00e9. Nez prononc\u00e9 de cassis et fruits rouges. D\u00e9voilant une bouche tr\u00e8s complexe munie de tanins enrob\u00e9s avec une belle longueur et une petite touche sucr\u00e9e.  C\u00e9page : Petite Pearl et Frontenac  Accord : Servir avec viandes rouges, gibier et fromages cors\u00e9s  Alcool : 14,5%  Temp\u00e9rature de service : 16 \u00b0C\" \/>\n<meta property=\"og:url\" content=\"https:\/\/vignoblegagliano.com\/fr\/produit\/entrinitafrtrinita\/\" \/>\n<meta property=\"og:site_name\" content=\"Vignoble Gagliano Vineyards\" \/>\n<meta property=\"article:modified_time\" content=\"2023-11-22T18:21:29+00:00\" \/>\n<meta property=\"og:image\" content=\"http:\/\/vignoblegagliano.com\/wp-content\/uploads\/2022\/09\/Trinita.png\" \/>\n\t<meta property=\"og:image:width\" content=\"1280\" \/>\n\t<meta property=\"og:image:height\" content=\"1920\" \/>\n\t<meta property=\"og:image:type\" content=\"image\/png\" \/>\n<meta name=\"twitter:card\" content=\"summary_large_image\" \/>\n<meta name=\"twitter:label1\" content=\"Dur\u00e9e de lecture estim\u00e9e\" \/>\n\t<meta name=\"twitter:data1\" content=\"2 minutes\" \/>\n<script type=\"application\/ld+json\" class=\"yoast-schema-graph\">{\"@context\":\"https:\\\/\\\/schema.org\",\"@graph\":[{\"@type\":\"WebPage\",\"@id\":\"https:\\\/\\\/vignoblegagliano.com\\\/fr\\\/produit\\\/entrinitafrtrinita\\\/\",\"url\":\"https:\\\/\\\/vignoblegagliano.com\\\/fr\\\/produit\\\/entrinitafrtrinita\\\/\",\"name\":\"TRINITA - Vignoble Gagliano Vineyards\",\"isPartOf\":{\"@id\":\"https:\\\/\\\/vignoblegagliano.com\\\/fr\\\/#website\"},\"primaryImageOfPage\":{\"@id\":\"https:\\\/\\\/vignoblegagliano.com\\\/fr\\\/produit\\\/entrinitafrtrinita\\\/#primaryimage\"},\"image\":{\"@id\":\"https:\\\/\\\/vignoblegagliano.com\\\/fr\\\/produit\\\/entrinitafrtrinita\\\/#primaryimage\"},\"thumbnailUrl\":\"https:\\\/\\\/vignoblegagliano.com\\\/wp-content\\\/uploads\\\/2022\\\/09\\\/Trinita.png\",\"datePublished\":\"2022-09-23T17:58:24+00:00\",\"dateModified\":\"2023-11-22T18:21:29+00:00\",\"breadcrumb\":{\"@id\":\"https:\\\/\\\/vignoblegagliano.com\\\/fr\\\/produit\\\/entrinitafrtrinita\\\/#breadcrumb\"},\"inLanguage\":\"fr-FR\",\"potentialAction\":[{\"@type\":\"ReadAction\",\"target\":[\"https:\\\/\\\/vignoblegagliano.com\\\/fr\\\/produit\\\/entrinitafrtrinita\\\/\"]}]},{\"@type\":\"ImageObject\",\"inLanguage\":\"fr-FR\",\"@id\":\"https:\\\/\\\/vignoblegagliano.com\\\/fr\\\/produit\\\/entrinitafrtrinita\\\/#primaryimage\",\"url\":\"https:\\\/\\\/vignoblegagliano.com\\\/wp-content\\\/uploads\\\/2022\\\/09\\\/Trinita.png\",\"contentUrl\":\"https:\\\/\\\/vignoblegagliano.com\\\/wp-content\\\/uploads\\\/2022\\\/09\\\/Trinita.png\",\"width\":1280,\"height\":1920},{\"@type\":\"BreadcrumbList\",\"@id\":\"https:\\\/\\\/vignoblegagliano.com\\\/fr\\\/produit\\\/entrinitafrtrinita\\\/#breadcrumb\",\"itemListElement\":[{\"@type\":\"ListItem\",\"position\":1,\"name\":\"Home\",\"item\":\"https:\\\/\\\/vignoblegagliano.com\\\/fr\\\/\"},{\"@type\":\"ListItem\",\"position\":2,\"name\":\"Boutique\",\"item\":\"https:\\\/\\\/vignoblegagliano.com\\\/fr\\\/boutique\\\/\"},{\"@type\":\"ListItem\",\"position\":3,\"name\":\"TRINITA\"}]},{\"@type\":\"WebSite\",\"@id\":\"https:\\\/\\\/vignoblegagliano.com\\\/fr\\\/#website\",\"url\":\"https:\\\/\\\/vignoblegagliano.com\\\/fr\\\/\",\"name\":\"Vignoble Gagliano Vineyards\",\"description\":\"\",\"publisher\":{\"@id\":\"https:\\\/\\\/vignoblegagliano.com\\\/fr\\\/#organization\"},\"potentialAction\":[{\"@type\":\"SearchAction\",\"target\":{\"@type\":\"EntryPoint\",\"urlTemplate\":\"https:\\\/\\\/vignoblegagliano.com\\\/fr\\\/?s={search_term_string}\"},\"query-input\":{\"@type\":\"PropertyValueSpecification\",\"valueRequired\":true,\"valueName\":\"search_term_string\"}}],\"inLanguage\":\"fr-FR\"},{\"@type\":\"Organization\",\"@id\":\"https:\\\/\\\/vignoblegagliano.com\\\/fr\\\/#organization\",\"name\":\"Vignoble Gagliano Vineyards\",\"url\":\"https:\\\/\\\/vignoblegagliano.com\\\/fr\\\/\",\"logo\":{\"@type\":\"ImageObject\",\"inLanguage\":\"fr-FR\",\"@id\":\"https:\\\/\\\/vignoblegagliano.com\\\/fr\\\/#\\\/schema\\\/logo\\\/image\\\/\",\"url\":\"https:\\\/\\\/vignoblegagliano.com\\\/wp-content\\\/uploads\\\/2022\\\/09\\\/logo.png\",\"contentUrl\":\"https:\\\/\\\/vignoblegagliano.com\\\/wp-content\\\/uploads\\\/2022\\\/09\\\/logo.png\",\"width\":199,\"height\":86,\"caption\":\"Vignoble Gagliano Vineyards\"},\"image\":{\"@id\":\"https:\\\/\\\/vignoblegagliano.com\\\/fr\\\/#\\\/schema\\\/logo\\\/image\\\/\"}}]}<\/script>\n<!-- \/ Yoast SEO plugin. -->","yoast_head_json":{"title":"TRINITA - Vignoble Gagliano Vineyards","robots":{"index":"index","follow":"follow","max-snippet":"max-snippet:-1","max-image-preview":"max-image-preview:large","max-video-preview":"max-video-preview:-1"},"canonical":"https:\/\/vignoblegagliano.com\/fr\/produit\/entrinitafrtrinita\/","og_locale":"fr_FR","og_type":"article","og_title":"TRINITA - Vignoble Gagliano Vineyards","og_description":"Petite Pearl et Frontenac \u00e9lev\u00e9s en f\u00fbt de ch\u00eane. Robe brillante d\u2019un rouge rubis violac\u00e9. Nez prononc\u00e9 de cassis et fruits rouges. D\u00e9voilant une bouche tr\u00e8s complexe munie de tanins enrob\u00e9s avec une belle longueur et une petite touche sucr\u00e9e.  C\u00e9page : Petite Pearl et Frontenac  Accord : Servir avec viandes rouges, gibier et fromages cors\u00e9s  Alcool : 14,5%  Temp\u00e9rature de service : 16 \u00b0C","og_url":"https:\/\/vignoblegagliano.com\/fr\/produit\/entrinitafrtrinita\/","og_site_name":"Vignoble Gagliano Vineyards","article_modified_time":"2023-11-22T18:21:29+00:00","og_image":[{"width":1280,"height":1920,"url":"http:\/\/vignoblegagliano.com\/wp-content\/uploads\/2022\/09\/Trinita.png","type":"image\/png"}],"twitter_card":"summary_large_image","twitter_misc":{"Dur\u00e9e de lecture estim\u00e9e":"2 minutes"},"schema":{"@context":"https:\/\/schema.org","@graph":[{"@type":"WebPage","@id":"https:\/\/vignoblegagliano.com\/fr\/produit\/entrinitafrtrinita\/","url":"https:\/\/vignoblegagliano.com\/fr\/produit\/entrinitafrtrinita\/","name":"TRINITA - Vignoble Gagliano Vineyards","isPartOf":{"@id":"https:\/\/vignoblegagliano.com\/fr\/#website"},"primaryImageOfPage":{"@id":"https:\/\/vignoblegagliano.com\/fr\/produit\/entrinitafrtrinita\/#primaryimage"},"image":{"@id":"https:\/\/vignoblegagliano.com\/fr\/produit\/entrinitafrtrinita\/#primaryimage"},"thumbnailUrl":"https:\/\/vignoblegagliano.com\/wp-content\/uploads\/2022\/09\/Trinita.png","datePublished":"2022-09-23T17:58:24+00:00","dateModified":"2023-11-22T18:21:29+00:00","breadcrumb":{"@id":"https:\/\/vignoblegagliano.com\/fr\/produit\/entrinitafrtrinita\/#breadcrumb"},"inLanguage":"fr-FR","potentialAction":[{"@type":"ReadAction","target":["https:\/\/vignoblegagliano.com\/fr\/produit\/entrinitafrtrinita\/"]}]},{"@type":"ImageObject","inLanguage":"fr-FR","@id":"https:\/\/vignoblegagliano.com\/fr\/produit\/entrinitafrtrinita\/#primaryimage","url":"https:\/\/vignoblegagliano.com\/wp-content\/uploads\/2022\/09\/Trinita.png","contentUrl":"https:\/\/vignoblegagliano.com\/wp-content\/uploads\/2022\/09\/Trinita.png","width":1280,"height":1920},{"@type":"BreadcrumbList","@id":"https:\/\/vignoblegagliano.com\/fr\/produit\/entrinitafrtrinita\/#breadcrumb","itemListElement":[{"@type":"ListItem","position":1,"name":"Home","item":"https:\/\/vignoblegagliano.com\/fr\/"},{"@type":"ListItem","position":2,"name":"Boutique","item":"https:\/\/vignoblegagliano.com\/fr\/boutique\/"},{"@type":"ListItem","position":3,"name":"TRINITA"}]},{"@type":"WebSite","@id":"https:\/\/vignoblegagliano.com\/fr\/#website","url":"https:\/\/vignoblegagliano.com\/fr\/","name":"Vignoble Gagliano Vineyards","description":"","publisher":{"@id":"https:\/\/vignoblegagliano.com\/fr\/#organization"},"potentialAction":[{"@type":"SearchAction","target":{"@type":"EntryPoint","urlTemplate":"https:\/\/vignoblegagliano.com\/fr\/?s={search_term_string}"},"query-input":{"@type":"PropertyValueSpecification","valueRequired":true,"valueName":"search_term_string"}}],"inLanguage":"fr-FR"},{"@type":"Organization","@id":"https:\/\/vignoblegagliano.com\/fr\/#organization","name":"Vignoble Gagliano Vineyards","url":"https:\/\/vignoblegagliano.com\/fr\/","logo":{"@type":"ImageObject","inLanguage":"fr-FR","@id":"https:\/\/vignoblegagliano.com\/fr\/#\/schema\/logo\/image\/","url":"https:\/\/vignoblegagliano.com\/wp-content\/uploads\/2022\/09\/logo.png","contentUrl":"https:\/\/vignoblegagliano.com\/wp-content\/uploads\/2022\/09\/logo.png","width":199,"height":86,"caption":"Vignoble Gagliano Vineyards"},"image":{"@id":"https:\/\/vignoblegagliano.com\/fr\/#\/schema\/logo\/image\/"}}]}},"_links":{"self":[{"href":"https:\/\/vignoblegagliano.com\/fr\/wp-json\/wp\/v2\/product\/1659","targetHints":{"allow":["GET"]}}],"collection":[{"href":"https:\/\/vignoblegagliano.com\/fr\/wp-json\/wp\/v2\/product"}],"about":[{"href":"https:\/\/vignoblegagliano.com\/fr\/wp-json\/wp\/v2\/types\/product"}],"replies":[{"embeddable":true,"href":"https:\/\/vignoblegagliano.com\/fr\/wp-json\/wp\/v2\/comments?post=1659"}],"wp:featuredmedia":[{"embeddable":true,"href":"https:\/\/vignoblegagliano.com\/fr\/wp-json\/wp\/v2\/media\/4727"}],"wp:attachment":[{"href":"https:\/\/vignoblegagliano.com\/fr\/wp-json\/wp\/v2\/media?parent=1659"}],"wp:term":[{"taxonomy":"product_brand","embeddable":true,"href":"https:\/\/vignoblegagliano.com\/fr\/wp-json\/wp\/v2\/product_brand?post=1659"},{"taxonomy":"product_cat","embeddable":true,"href":"https:\/\/vignoblegagliano.com\/fr\/wp-json\/wp\/v2\/product_cat?post=1659"},{"taxonomy":"product_tag","embeddable":true,"href":"https:\/\/vignoblegagliano.com\/fr\/wp-json\/wp\/v2\/product_tag?post=1659"}],"curies":[{"name":"wp","href":"https:\/\/api.w.org\/{rel}","templated":true}]}}