{"id":1662,"date":"2022-09-23T13:58:23","date_gmt":"2022-09-23T17:58:23","guid":{"rendered":"https:\/\/dev17.viacommunication.com\/product\/barricato\/"},"modified":"2023-11-22T13:22:56","modified_gmt":"2023-11-22T18:22:56","slug":"enbarricatofrbarricato-2","status":"publish","type":"product","link":"https:\/\/vignoblegagliano.com\/fr\/produit\/enbarricatofrbarricato-2\/","title":{"rendered":"BARRICATO"},"content":{"rendered":"<h6><img decoding=\"async\" class=\"alignnone size-full wp-image-4270\" src=\"http:\/\/vignoblegagliano.com\/wp-content\/uploads\/2022\/10\/bronze_medal.gif\" alt=\"\" width=\"43\" height=\"35\" \/>2023 M\u00c9DAILLE DE BRONZE \/ FINGER LAKES INT&rsquo;L \/ MILLESIME 2020<\/h6>\n<h6><img decoding=\"async\" class=\"alignnone size-full wp-image-4270\" src=\"https:\/\/vignoblegagliano.com\/wp-content\/uploads\/2022\/10\/bronze_medal.gif\" alt=\"\" width=\"43\" height=\"35\" \/>2022 M\u00c9DAILLE DE BRONZE \/ FINGER LAKES INT\u2019L \/ MILLESIME 2019<\/h6>\n<h6><img decoding=\"async\" class=\"alignnone size-full wp-image-4270\" src=\"https:\/\/vignoblegagliano.com\/wp-content\/uploads\/2022\/10\/bronze_medal.gif\" alt=\"\" width=\"43\" height=\"35\" \/>2021 M\u00c9DAILLE DE BRONZE \/ FINGER LAKES INT\u2019L \/ MILLESIME 2018<\/h6>\n<h6><img decoding=\"async\" class=\"alignnone size-full wp-image-4270\" src=\"https:\/\/vignoblegagliano.com\/wp-content\/uploads\/2022\/10\/bronze_medal.gif\" alt=\"\" width=\"43\" height=\"35\" \/>2020 M\u00c9DAILLE DE BRONZE \/ FINGER LAKES INT\u2019L \/ MILLESIME 2018<\/h6>\n<h6><img decoding=\"async\" class=\"alignnone size-full wp-image-4270\" src=\"https:\/\/vignoblegagliano.com\/wp-content\/uploads\/2022\/10\/bronze_medal.gif\" alt=\"\" width=\"43\" height=\"35\" \/>2019 M\u00c9DAILLE DE BRONZE \/ FINGER LAKES INT\u2019L \/ MILLESIME 2017<\/h6>\n<h6><img decoding=\"async\" class=\"alignnone size-full wp-image-4268\" src=\"https:\/\/vignoblegagliano.com\/wp-content\/uploads\/2022\/10\/silver_medal.gif\" alt=\"\" width=\"43\" height=\"35\" \/>2018 M\u00c9DAILLE D\u2019ARGENT \/ FINGER LAKES INT\u2019L \/ MILLESIME 2016<\/h6>\n","protected":false},"excerpt":{"rendered":"<h4><b>Disponible \u00e0 la SAQ (SAQ#14788581) et chez votre \u00e9picier Metro et IGA.<\/b><\/h4>\n<p>Un m\u00e9lange de Frontenac et Petite Pearl, vieillit en f\u00fbt de ch\u00eane. Robe rouge grenat intense, avec un ton de violet, clair et limpide. Nez aux notes de prunes, cannelles, violettes, cerises, r\u00e9glisses et un peu bois\u00e9. Une bouche tr\u00e8s aromatis\u00e9e et harmonieuse, les tanins \u00e9quilibr\u00e9s et chauds. Une bouche pleine, persistante d\u2019une grande longueur avec des notes de r\u00e9glisses.<\/p>\n<p><strong>C\u00e9page :<\/strong> Frontenac et Petite Pearl<\/p>\n<p><strong>Accord :<\/strong> Servir avec viandes rouges, gibier et fromages<\/p>\n<p><strong>Alcool :<\/strong> 13,5%<\/p>\n<p><strong>Temp\u00e9rature de service :<\/strong> 18 \u00b0C<\/p>\n","protected":false},"featured_media":4729,"comment_status":"closed","ping_status":"closed","template":"","meta":{"site-sidebar-layout":"default","site-content-layout":"default","ast-site-content-layout":"default","site-content-style":"default","site-sidebar-style":"default","ast-global-header-display":"","ast-banner-title-visibility":"","ast-main-header-display":"","ast-hfb-above-header-display":"","ast-hfb-below-header-display":"","ast-hfb-mobile-header-display":"","site-post-title":"","ast-breadcrumbs-content":"","ast-featured-img":"","footer-sml-layout":"","ast-disable-related-posts":"","theme-transparent-header-meta":"default","adv-header-id-meta":"","stick-header-meta":"","header-above-stick-meta":"","header-main-stick-meta":"","header-below-stick-meta":"","astra-migrate-meta-layouts":"default","ast-page-background-enabled":"default","ast-page-background-meta":{"desktop":{"background-color":"var(--ast-global-color-4)","background-image":"","background-repeat":"repeat","background-position":"center center","background-size":"auto","background-attachment":"scroll","background-type":"","background-media":"","overlay-type":"","overlay-color":"","overlay-opacity":"","overlay-gradient":""},"tablet":{"background-color":"","background-image":"","background-repeat":"repeat","background-position":"center center","background-size":"auto","background-attachment":"scroll","background-type":"","background-media":"","overlay-type":"","overlay-color":"","overlay-opacity":"","overlay-gradient":""},"mobile":{"background-color":"","background-image":"","background-repeat":"repeat","background-position":"center center","background-size":"auto","background-attachment":"scroll","background-type":"","background-media":"","overlay-type":"","overlay-color":"","overlay-opacity":"","overlay-gradient":""}},"ast-content-background-meta":{"desktop":{"background-color":"var(--ast-global-color-5)","background-image":"","background-repeat":"repeat","background-position":"center center","background-size":"auto","background-attachment":"scroll","background-type":"","background-media":"","overlay-type":"","overlay-color":"","overlay-opacity":"","overlay-gradient":""},"tablet":{"background-color":"var(--ast-global-color-5)","background-image":"","background-repeat":"repeat","background-position":"center center","background-size":"auto","background-attachment":"scroll","background-type":"","background-media":"","overlay-type":"","overlay-color":"","overlay-opacity":"","overlay-gradient":""},"mobile":{"background-color":"var(--ast-global-color-5)","background-image":"","background-repeat":"repeat","background-position":"center center","background-size":"auto","background-attachment":"scroll","background-type":"","background-media":"","overlay-type":"","overlay-color":"","overlay-opacity":"","overlay-gradient":""}}},"product_brand":[],"product_cat":[49],"product_tag":[],"class_list":{"0":"post-1662","1":"product","2":"type-product","3":"status-publish","4":"has-post-thumbnail","6":"product_cat-rouges","7":"desktop-align-left","8":"tablet-align-left","9":"mobile-align-left","11":"first","12":"outofstock","13":"taxable","14":"shipping-taxable","15":"purchasable","16":"product-type-simple"},"acf":[],"yoast_head":"<!-- This site is optimized with the Yoast SEO plugin v27.4 - https:\/\/yoast.com\/product\/yoast-seo-wordpress\/ -->\n<title>BARRICATO - Vignoble Gagliano Vineyards<\/title>\n<meta name=\"robots\" content=\"index, follow, max-snippet:-1, max-image-preview:large, max-video-preview:-1\" \/>\n<link rel=\"canonical\" href=\"https:\/\/vignoblegagliano.com\/fr\/produit\/enbarricatofrbarricato-2\/\" \/>\n<meta property=\"og:locale\" content=\"fr_FR\" \/>\n<meta property=\"og:type\" content=\"article\" \/>\n<meta property=\"og:title\" content=\"BARRICATO - Vignoble Gagliano Vineyards\" \/>\n<meta property=\"og:description\" content=\"Disponible \u00e0 la SAQ (SAQ#14788581) et chez votre \u00e9picier Metro et IGA. Un m\u00e9lange de Frontenac et Petite Pearl, vieillit en f\u00fbt de ch\u00eane. Robe rouge grenat intense, avec un ton de violet, clair et limpide. Nez aux notes de prunes, cannelles, violettes, cerises, r\u00e9glisses et un peu bois\u00e9. Une bouche tr\u00e8s aromatis\u00e9e et harmonieuse, les tanins \u00e9quilibr\u00e9s et chauds. Une bouche pleine, persistante d\u2019une grande longueur avec des notes de r\u00e9glisses.  C\u00e9page : Frontenac et Petite Pearl  Accord : Servir avec viandes rouges, gibier et fromages  Alcool : 13,5%  Temp\u00e9rature de service : 18 \u00b0C\" \/>\n<meta property=\"og:url\" content=\"https:\/\/vignoblegagliano.com\/fr\/produit\/enbarricatofrbarricato-2\/\" \/>\n<meta property=\"og:site_name\" content=\"Vignoble Gagliano Vineyards\" \/>\n<meta property=\"article:modified_time\" content=\"2023-11-22T18:22:56+00:00\" \/>\n<meta property=\"og:image\" content=\"http:\/\/vignoblegagliano.com\/wp-content\/uploads\/2022\/09\/Barricato.png\" \/>\n\t<meta property=\"og:image:width\" content=\"1280\" \/>\n\t<meta property=\"og:image:height\" content=\"1920\" \/>\n\t<meta property=\"og:image:type\" content=\"image\/png\" \/>\n<meta name=\"twitter:card\" content=\"summary_large_image\" \/>\n<meta name=\"twitter:label1\" content=\"Dur\u00e9e de lecture estim\u00e9e\" \/>\n\t<meta name=\"twitter:data1\" content=\"2 minutes\" \/>\n<script type=\"application\/ld+json\" class=\"yoast-schema-graph\">{\"@context\":\"https:\\\/\\\/schema.org\",\"@graph\":[{\"@type\":\"WebPage\",\"@id\":\"https:\\\/\\\/vignoblegagliano.com\\\/fr\\\/produit\\\/enbarricatofrbarricato-2\\\/\",\"url\":\"https:\\\/\\\/vignoblegagliano.com\\\/fr\\\/produit\\\/enbarricatofrbarricato-2\\\/\",\"name\":\"BARRICATO - Vignoble Gagliano Vineyards\",\"isPartOf\":{\"@id\":\"https:\\\/\\\/vignoblegagliano.com\\\/fr\\\/#website\"},\"primaryImageOfPage\":{\"@id\":\"https:\\\/\\\/vignoblegagliano.com\\\/fr\\\/produit\\\/enbarricatofrbarricato-2\\\/#primaryimage\"},\"image\":{\"@id\":\"https:\\\/\\\/vignoblegagliano.com\\\/fr\\\/produit\\\/enbarricatofrbarricato-2\\\/#primaryimage\"},\"thumbnailUrl\":\"https:\\\/\\\/vignoblegagliano.com\\\/wp-content\\\/uploads\\\/2022\\\/09\\\/Barricato.png\",\"datePublished\":\"2022-09-23T17:58:23+00:00\",\"dateModified\":\"2023-11-22T18:22:56+00:00\",\"breadcrumb\":{\"@id\":\"https:\\\/\\\/vignoblegagliano.com\\\/fr\\\/produit\\\/enbarricatofrbarricato-2\\\/#breadcrumb\"},\"inLanguage\":\"fr-FR\",\"potentialAction\":[{\"@type\":\"ReadAction\",\"target\":[\"https:\\\/\\\/vignoblegagliano.com\\\/fr\\\/produit\\\/enbarricatofrbarricato-2\\\/\"]}]},{\"@type\":\"ImageObject\",\"inLanguage\":\"fr-FR\",\"@id\":\"https:\\\/\\\/vignoblegagliano.com\\\/fr\\\/produit\\\/enbarricatofrbarricato-2\\\/#primaryimage\",\"url\":\"https:\\\/\\\/vignoblegagliano.com\\\/wp-content\\\/uploads\\\/2022\\\/09\\\/Barricato.png\",\"contentUrl\":\"https:\\\/\\\/vignoblegagliano.com\\\/wp-content\\\/uploads\\\/2022\\\/09\\\/Barricato.png\",\"width\":1280,\"height\":1920},{\"@type\":\"BreadcrumbList\",\"@id\":\"https:\\\/\\\/vignoblegagliano.com\\\/fr\\\/produit\\\/enbarricatofrbarricato-2\\\/#breadcrumb\",\"itemListElement\":[{\"@type\":\"ListItem\",\"position\":1,\"name\":\"Home\",\"item\":\"https:\\\/\\\/vignoblegagliano.com\\\/fr\\\/\"},{\"@type\":\"ListItem\",\"position\":2,\"name\":\"Boutique\",\"item\":\"https:\\\/\\\/vignoblegagliano.com\\\/fr\\\/boutique\\\/\"},{\"@type\":\"ListItem\",\"position\":3,\"name\":\"BARRICATO\"}]},{\"@type\":\"WebSite\",\"@id\":\"https:\\\/\\\/vignoblegagliano.com\\\/fr\\\/#website\",\"url\":\"https:\\\/\\\/vignoblegagliano.com\\\/fr\\\/\",\"name\":\"Vignoble Gagliano Vineyards\",\"description\":\"\",\"publisher\":{\"@id\":\"https:\\\/\\\/vignoblegagliano.com\\\/fr\\\/#organization\"},\"potentialAction\":[{\"@type\":\"SearchAction\",\"target\":{\"@type\":\"EntryPoint\",\"urlTemplate\":\"https:\\\/\\\/vignoblegagliano.com\\\/fr\\\/?s={search_term_string}\"},\"query-input\":{\"@type\":\"PropertyValueSpecification\",\"valueRequired\":true,\"valueName\":\"search_term_string\"}}],\"inLanguage\":\"fr-FR\"},{\"@type\":\"Organization\",\"@id\":\"https:\\\/\\\/vignoblegagliano.com\\\/fr\\\/#organization\",\"name\":\"Vignoble Gagliano Vineyards\",\"url\":\"https:\\\/\\\/vignoblegagliano.com\\\/fr\\\/\",\"logo\":{\"@type\":\"ImageObject\",\"inLanguage\":\"fr-FR\",\"@id\":\"https:\\\/\\\/vignoblegagliano.com\\\/fr\\\/#\\\/schema\\\/logo\\\/image\\\/\",\"url\":\"https:\\\/\\\/vignoblegagliano.com\\\/wp-content\\\/uploads\\\/2022\\\/09\\\/logo.png\",\"contentUrl\":\"https:\\\/\\\/vignoblegagliano.com\\\/wp-content\\\/uploads\\\/2022\\\/09\\\/logo.png\",\"width\":199,\"height\":86,\"caption\":\"Vignoble Gagliano Vineyards\"},\"image\":{\"@id\":\"https:\\\/\\\/vignoblegagliano.com\\\/fr\\\/#\\\/schema\\\/logo\\\/image\\\/\"}}]}<\/script>\n<!-- \/ Yoast SEO plugin. -->","yoast_head_json":{"title":"BARRICATO - Vignoble Gagliano Vineyards","robots":{"index":"index","follow":"follow","max-snippet":"max-snippet:-1","max-image-preview":"max-image-preview:large","max-video-preview":"max-video-preview:-1"},"canonical":"https:\/\/vignoblegagliano.com\/fr\/produit\/enbarricatofrbarricato-2\/","og_locale":"fr_FR","og_type":"article","og_title":"BARRICATO - Vignoble Gagliano Vineyards","og_description":"Disponible \u00e0 la SAQ (SAQ#14788581) et chez votre \u00e9picier Metro et IGA. Un m\u00e9lange de Frontenac et Petite Pearl, vieillit en f\u00fbt de ch\u00eane. Robe rouge grenat intense, avec un ton de violet, clair et limpide. Nez aux notes de prunes, cannelles, violettes, cerises, r\u00e9glisses et un peu bois\u00e9. Une bouche tr\u00e8s aromatis\u00e9e et harmonieuse, les tanins \u00e9quilibr\u00e9s et chauds. Une bouche pleine, persistante d\u2019une grande longueur avec des notes de r\u00e9glisses.  C\u00e9page : Frontenac et Petite Pearl  Accord : Servir avec viandes rouges, gibier et fromages  Alcool : 13,5%  Temp\u00e9rature de service : 18 \u00b0C","og_url":"https:\/\/vignoblegagliano.com\/fr\/produit\/enbarricatofrbarricato-2\/","og_site_name":"Vignoble Gagliano Vineyards","article_modified_time":"2023-11-22T18:22:56+00:00","og_image":[{"width":1280,"height":1920,"url":"http:\/\/vignoblegagliano.com\/wp-content\/uploads\/2022\/09\/Barricato.png","type":"image\/png"}],"twitter_card":"summary_large_image","twitter_misc":{"Dur\u00e9e de lecture estim\u00e9e":"2 minutes"},"schema":{"@context":"https:\/\/schema.org","@graph":[{"@type":"WebPage","@id":"https:\/\/vignoblegagliano.com\/fr\/produit\/enbarricatofrbarricato-2\/","url":"https:\/\/vignoblegagliano.com\/fr\/produit\/enbarricatofrbarricato-2\/","name":"BARRICATO - Vignoble Gagliano Vineyards","isPartOf":{"@id":"https:\/\/vignoblegagliano.com\/fr\/#website"},"primaryImageOfPage":{"@id":"https:\/\/vignoblegagliano.com\/fr\/produit\/enbarricatofrbarricato-2\/#primaryimage"},"image":{"@id":"https:\/\/vignoblegagliano.com\/fr\/produit\/enbarricatofrbarricato-2\/#primaryimage"},"thumbnailUrl":"https:\/\/vignoblegagliano.com\/wp-content\/uploads\/2022\/09\/Barricato.png","datePublished":"2022-09-23T17:58:23+00:00","dateModified":"2023-11-22T18:22:56+00:00","breadcrumb":{"@id":"https:\/\/vignoblegagliano.com\/fr\/produit\/enbarricatofrbarricato-2\/#breadcrumb"},"inLanguage":"fr-FR","potentialAction":[{"@type":"ReadAction","target":["https:\/\/vignoblegagliano.com\/fr\/produit\/enbarricatofrbarricato-2\/"]}]},{"@type":"ImageObject","inLanguage":"fr-FR","@id":"https:\/\/vignoblegagliano.com\/fr\/produit\/enbarricatofrbarricato-2\/#primaryimage","url":"https:\/\/vignoblegagliano.com\/wp-content\/uploads\/2022\/09\/Barricato.png","contentUrl":"https:\/\/vignoblegagliano.com\/wp-content\/uploads\/2022\/09\/Barricato.png","width":1280,"height":1920},{"@type":"BreadcrumbList","@id":"https:\/\/vignoblegagliano.com\/fr\/produit\/enbarricatofrbarricato-2\/#breadcrumb","itemListElement":[{"@type":"ListItem","position":1,"name":"Home","item":"https:\/\/vignoblegagliano.com\/fr\/"},{"@type":"ListItem","position":2,"name":"Boutique","item":"https:\/\/vignoblegagliano.com\/fr\/boutique\/"},{"@type":"ListItem","position":3,"name":"BARRICATO"}]},{"@type":"WebSite","@id":"https:\/\/vignoblegagliano.com\/fr\/#website","url":"https:\/\/vignoblegagliano.com\/fr\/","name":"Vignoble Gagliano Vineyards","description":"","publisher":{"@id":"https:\/\/vignoblegagliano.com\/fr\/#organization"},"potentialAction":[{"@type":"SearchAction","target":{"@type":"EntryPoint","urlTemplate":"https:\/\/vignoblegagliano.com\/fr\/?s={search_term_string}"},"query-input":{"@type":"PropertyValueSpecification","valueRequired":true,"valueName":"search_term_string"}}],"inLanguage":"fr-FR"},{"@type":"Organization","@id":"https:\/\/vignoblegagliano.com\/fr\/#organization","name":"Vignoble Gagliano Vineyards","url":"https:\/\/vignoblegagliano.com\/fr\/","logo":{"@type":"ImageObject","inLanguage":"fr-FR","@id":"https:\/\/vignoblegagliano.com\/fr\/#\/schema\/logo\/image\/","url":"https:\/\/vignoblegagliano.com\/wp-content\/uploads\/2022\/09\/logo.png","contentUrl":"https:\/\/vignoblegagliano.com\/wp-content\/uploads\/2022\/09\/logo.png","width":199,"height":86,"caption":"Vignoble Gagliano Vineyards"},"image":{"@id":"https:\/\/vignoblegagliano.com\/fr\/#\/schema\/logo\/image\/"}}]}},"_links":{"self":[{"href":"https:\/\/vignoblegagliano.com\/fr\/wp-json\/wp\/v2\/product\/1662","targetHints":{"allow":["GET"]}}],"collection":[{"href":"https:\/\/vignoblegagliano.com\/fr\/wp-json\/wp\/v2\/product"}],"about":[{"href":"https:\/\/vignoblegagliano.com\/fr\/wp-json\/wp\/v2\/types\/product"}],"replies":[{"embeddable":true,"href":"https:\/\/vignoblegagliano.com\/fr\/wp-json\/wp\/v2\/comments?post=1662"}],"wp:featuredmedia":[{"embeddable":true,"href":"https:\/\/vignoblegagliano.com\/fr\/wp-json\/wp\/v2\/media\/4729"}],"wp:attachment":[{"href":"https:\/\/vignoblegagliano.com\/fr\/wp-json\/wp\/v2\/media?parent=1662"}],"wp:term":[{"taxonomy":"product_brand","embeddable":true,"href":"https:\/\/vignoblegagliano.com\/fr\/wp-json\/wp\/v2\/product_brand?post=1662"},{"taxonomy":"product_cat","embeddable":true,"href":"https:\/\/vignoblegagliano.com\/fr\/wp-json\/wp\/v2\/product_cat?post=1662"},{"taxonomy":"product_tag","embeddable":true,"href":"https:\/\/vignoblegagliano.com\/fr\/wp-json\/wp\/v2\/product_tag?post=1662"}],"curies":[{"name":"wp","href":"https:\/\/api.w.org\/{rel}","templated":true}]}}